{"id":2,"date":"2012-11-17T21:58:15","date_gmt":"2012-11-17T21:58:15","guid":{"rendered":"http:\/\/renakontakt.com\/wp\/?page_id=2"},"modified":"2025-11-03T06:24:54","modified_gmt":"2025-11-03T06:24:54","slug":"uber-die-agentur","status":"publish","type":"page","link":"https:\/\/www.renakontakt.com\/ch\/uber-die-agentur\/","title":{"rendered":"\u00dcber die Agentur"},"content":{"rendered":"<p>Mein Name ist Renata Vlachov\u00e1. Ich bin eine 60 j\u00e4hrige Pragerin.<\/p>\n<p>Meine erfolgreiche Firma existiert bereits seit 1995. Mein grossern Vorteil ist, dass ich in Tschechien lebe, mich aber oft pers\u00f6nlich in der Schweiz aufhalte. Ich kenne daher die Mentalit\u00e4t der osteurop\u00e4ischen Frauen sehr gut.<\/p>\n<p>Bei uns pflegen wir, wenn immer m\u00f6glich den pers\u00f6nlichen Kontakt zu meinen partnersuchenden Damen und Herren<em>.<\/em>\u00a0So kann ich auch viel besser die W\u00fcnsche beider Parteien ber\u00fccksichtigen.<\/p>\n<p>Sie profitieren so von einer optimalen Betreuung.<\/p>\n<p><strong>Wie funktioniert die Zusammenarbeit mit uns:<\/strong><\/p>\n<p>W\u00e4hrend dem von Ihnen gew\u00e4hlten Zeitraum erhalten Sie aufend die neusten, auf Sie abgestimmten Vorschl\u00e4ge zugeschickt.<\/p>\n<p>Wenn Sie sich zu Kontaktaufnahmen entschliessen, bekommen Sie alle gew\u00fcnschten Adressen von mir. Die die Frauen werden vorg\u00e4ngig von mir \u00fcber den interessierten Partner informiert, Sie erhalten nur Adressen von Frauen, die Ihre Kontaktaufnahme ernsthaft w\u00fcnschen<em>.<\/em><\/p>\n<p>Ein pers\u00f6nliches Gespr\u00e4ch mit mir ist in Z\u00fcrich nach Absprache m\u00f6glich. Ich bin jeden Monat f\u00fcr ca. 1 Woche dort. Nat\u00fcrlich ist auch ein Treffen mit mir in Prag m\u00f6glich.<\/p>\n<p>Ich kann Ihnen eine eigene, sehr grosse Auswahl von Frauen aller Alterskategorien aus Tschechien und Slowakei \u00a0anbieten, welche einen Lebenspartner aus dem deutschsprachigen Raum suchen. Dieses Angebot wird st\u00e4ndig erneuert und aktualisiert. Diese Damen m\u00f6chten alle eine feste Beziehung eingehen.<\/p>\n<p><em>Ich freue mich, wenn Ihnen mein Angebot zusagt, underwarte gerne Ihre Antwort.<\/em><\/p>\n","protected":false},"excerpt":{"rendered":"<p>Mein Name ist Renata Vlachov\u00e1. Ich bin eine 60 j\u00e4hrige Pragerin. Meine erfolgreiche Firma existiert bereits seit 1995. Mein grossern Vorteil ist, dass ich in Tschechien lebe, mich aber oft pers\u00f6nlich in der Schweiz aufhalte. Ich kenne daher die Mentalit\u00e4t<span class=\"ellipsis\">&hellip;<\/span> <a href=\"https:\/\/www.renakontakt.com\/ch\/uber-die-agentur\/\"><\/p>\n<div class=\"see-more\">See more &#8250;<\/div>\n<p><!-- end of .see-more --><\/a><\/p>\n","protected":false},"author":1,"featured_media":0,"parent":0,"menu_order":1,"comment_status":"closed","ping_status":"closed","template":"content-full.php","meta":[],"_links":{"self":[{"href":"https:\/\/www.renakontakt.com\/ch\/wp-json\/wp\/v2\/pages\/2"}],"collection":[{"href":"https:\/\/www.renakontakt.com\/ch\/wp-json\/wp\/v2\/pages"}],"about":[{"href":"https:\/\/www.renakontakt.com\/ch\/wp-json\/wp\/v2\/types\/page"}],"author":[{"embeddable":true,"href":"https:\/\/www.renakontakt.com\/ch\/wp-json\/wp\/v2\/users\/1"}],"replies":[{"embeddable":true,"href":"https:\/\/www.renakontakt.com\/ch\/wp-json\/wp\/v2\/comments?post=2"}],"version-history":[{"count":27,"href":"https:\/\/www.renakontakt.com\/ch\/wp-json\/wp\/v2\/pages\/2\/revisions"}],"predecessor-version":[{"id":30366,"href":"https:\/\/www.renakontakt.com\/ch\/wp-json\/wp\/v2\/pages\/2\/revisions\/30366"}],"wp:attachment":[{"href":"https:\/\/www.renakontakt.com\/ch\/wp-json\/wp\/v2\/media?parent=2"}],"curies":[{"name":"wp","href":"https:\/\/api.w.org\/{rel}","templated":true}]}}