{"id":384,"date":"2013-03-31T19:25:13","date_gmt":"2013-03-31T19:25:13","guid":{"rendered":"http:\/\/www.renakontakt.com\/de\/?page_id=384"},"modified":"2019-03-25T14:20:16","modified_gmt":"2019-03-25T14:20:16","slug":"bronze-karte","status":"publish","type":"page","link":"https:\/\/www.renakontakt.com\/ch\/angebot-kosten\/bronze-karte-bestellen\/","title":{"rendered":"Bronze Karte bestellen"},"content":{"rendered":"<p style=\"text-align: center;\">Danke, dass Sie sich f\u00fcr unsere Dienste entschieden haben.<\/p>\n<p style=\"text-align: center;\">F\u00fcr die Bestellung der Bronzekarte f\u00fcllen Sie bitte den Fragebogen aus und w\u00e4hlen Sie Bezahlung<\/p>\n<p style=\"text-align: center;\">Falls Sie den Fragebogen noch nicht ausgef\u00fcllt haben, machen sie das bitte\u00a0<a href=\"ch\/fragebogen\" target=\"_blank\" rel=\"noopener noreferrer\">hier<\/a><\/p>\n<p style=\"text-align: center;\"><\/p>\n","protected":false},"excerpt":{"rendered":"<p>Danke, dass Sie sich f\u00fcr unsere Dienste entschieden haben. F\u00fcr die Bestellung der Bronzekarte f\u00fcllen Sie bitte den Fragebogen aus und w\u00e4hlen Sie Bezahlung Falls Sie den Fragebogen noch nicht ausgef\u00fcllt haben, machen sie das bitte\u00a0hier<\/p>\n","protected":false},"author":1,"featured_media":0,"parent":24,"menu_order":0,"comment_status":"closed","ping_status":"closed","template":"content-full.php","meta":[],"_links":{"self":[{"href":"https:\/\/www.renakontakt.com\/ch\/wp-json\/wp\/v2\/pages\/384"}],"collection":[{"href":"https:\/\/www.renakontakt.com\/ch\/wp-json\/wp\/v2\/pages"}],"about":[{"href":"https:\/\/www.renakontakt.com\/ch\/wp-json\/wp\/v2\/types\/page"}],"author":[{"embeddable":true,"href":"https:\/\/www.renakontakt.com\/ch\/wp-json\/wp\/v2\/users\/1"}],"replies":[{"embeddable":true,"href":"https:\/\/www.renakontakt.com\/ch\/wp-json\/wp\/v2\/comments?post=384"}],"version-history":[{"count":14,"href":"https:\/\/www.renakontakt.com\/ch\/wp-json\/wp\/v2\/pages\/384\/revisions"}],"predecessor-version":[{"id":1056,"href":"https:\/\/www.renakontakt.com\/ch\/wp-json\/wp\/v2\/pages\/384\/revisions\/1056"}],"up":[{"embeddable":true,"href":"https:\/\/www.renakontakt.com\/ch\/wp-json\/wp\/v2\/pages\/24"}],"wp:attachment":[{"href":"https:\/\/www.renakontakt.com\/ch\/wp-json\/wp\/v2\/media?parent=384"}],"curies":[{"name":"wp","href":"https:\/\/api.w.org\/{rel}","templated":true}]}}