{"id":392,"date":"2013-03-31T19:30:09","date_gmt":"2013-03-31T19:30:09","guid":{"rendered":"http:\/\/www.renakontakt.com\/de\/?page_id=392"},"modified":"2014-04-07T19:34:17","modified_gmt":"2014-04-07T19:34:17","slug":"silber-karte","status":"publish","type":"page","link":"https:\/\/www.renakontakt.com\/ch\/angebot-kosten\/silber-karte\/","title":{"rendered":"Silber Karte bestellen"},"content":{"rendered":"<p style=\"text-align: center;\">Danke, dass Sie sich f\u00fcr unsere Dienste entschieden haben.<\/p>\n<p style=\"text-align: center;\">Falls Sie den Fragebogen noch nicht ausgef\u00fcllt haben, machen sie das bitte\u00a0<a href=\"ch\/fragebogen\" target=\"_blank\">hier<\/a><\/p>\n<p style=\"text-align: center;\"><div class=\"visual-form-builder-container\">\n\t\t<form id=\"silber-karte-ch-12\" class=\"visual-form-builder vfb-form-12  \" method=\"post\" enctype=\"multipart\/form-data\" action=\"\">\n\t\t<input type=\"hidden\" name=\"form_id\" value=\"12\" \/><fieldset class=\"vfb-fieldset vfb-fieldset-1 silber-karte-bestellen    \" id=\"vfb-silber-karte-bestellen-244\"><div class=\"vfb-legend\"><h3>Silber Karte bestellen<\/h3><\/div><ul class=\"vfb-section vfb-section-1\"><li class=\"vfb-item vfb-item-text   vfb-left-half  \" id=\"item-vfb-ihre-name-239\"><label for=\"vfb-ihre-name-239\" class=\"vfb-desc\">Ihre Name  <span class=\"vfb-required-asterisk\">*<\/span><\/label><input type=\"text\" name=\"vfb-239\" id=\"vfb-ihre-name-239\" value=\"\" class=\"vfb-text  vfb-medium  required  \" \/><\/li><li class=\"vfb-item vfb-item-email   vfb-right-half  \" id=\"item-vfb-ihre-e-mail-241\"><label for=\"vfb-ihre-e-mail-241\" class=\"vfb-desc\">Ihre E-mail  <span class=\"vfb-required-asterisk\">*<\/span><\/label><input type=\"email\" name=\"vfb-241\" id=\"vfb-ihre-e-mail-241\" value=\"\" class=\"vfb-text  vfb-medium  required  email \" \/><\/li><li class=\"vfb-item vfb-item-checkbox    \" id=\"item-vfb-240-240\"><label for=\"vfb-240-240\" class=\"vfb-desc\">  <span class=\"vfb-required-asterisk\">*<\/span><\/label><div><span><input type=\"checkbox\" name=\"vfb-240[]\" id=\"vfb-240-240-0\" value=\"Ich bestelle hiermit die Silber-Karte, die mir f\u00fcr die Nutzung der Agenturdienste gem\u00e4ss separaten Beschrieb f\u00fcr den Preis von 1100CHF berechtigt.\" class=\"vfb-checkbox  required \" \/><label for=\"vfb-240-240-0\" class=\"vfb-choice\">Ich bestelle hiermit die Silber-Karte, die mir f\u00fcr die Nutzung der Agenturdienste gem\u00e4ss separaten Beschrieb f\u00fcr den Preis von 1100CHF berechtigt.<\/label><\/span><div style=\"clear:both\"><\/div><\/div><\/li><li class=\"vfb-item vfb-item-checkbox    \" id=\"item-vfb-281-281\"><label for=\"vfb-281-281\" class=\"vfb-desc\"> <\/label><div><span><input type=\"checkbox\" name=\"vfb-281[]\" id=\"vfb-281-281-0\" value=\"Ich bestelle hiermit den Upgrade zur Silber-Karte gem. Beschrieb im Angebot f\u00fcr den Preis von 150CHF.\" class=\"vfb-checkbox  \" \/><label for=\"vfb-281-281-0\" class=\"vfb-choice\">Ich bestelle hiermit den Upgrade zur Silber-Karte gem. Beschrieb im Angebot f\u00fcr den Preis von 150CHF.<\/label><\/span><div style=\"clear:both\"><\/div><\/div><\/li><li class=\"vfb-item vfb-item-textarea    \" id=\"item-vfb-238-238\"><label for=\"vfb-238-238\" class=\"vfb-desc\"> <\/label><div><span><label>Benutzen Sie  dieses Feld  wenn Sie uns etwas mitteilen m\u00f6chten. <\/label><\/span><textarea name=\"vfb-238\" id=\"vfb-238-238\" class=\"vfb-textarea  vfb-medium  \"><\/textarea><\/div><\/li><\/ul><br \/><\/fieldset><fieldset class=\"vfb-fieldset vfb-fieldset-2 spamschutz  \" id=\"vfb-spamschutz-245\"><div class=\"vfb-legend\"><h3>Spamschutz<\/h3><\/div><ul class=\"vfb-section vfb-section-2\"><li class=\"vfb-item vfb-item-secret\"><label for=\"vfb-zur-pruefung-dass-sie-kein-robot-sind-tragen-sie-unten-bitte-zwei-frei-waehlbare-ziffern-ein-243\" class=\"vfb-desc\">Zur Pr\u00fcfung, dass Sie kein Robot sind, tragen Sie unten bitte zwei frei w\u00e4hlbare Ziffern ein. <span class=\"vfb-required-asterisk\">*<\/span><\/label><input type=\"hidden\" name=\"_vfb-secret\" value=\"vfb-243\" \/><input type=\"text\" name=\"vfb-243\" id=\"vfb-zur-pruefung-dass-sie-kein-robot-sind-tragen-sie-unten-bitte-zwei-frei-waehlbare-ziffern-ein-243\" value=\"\" class=\"vfb-text  vfb-medium  required  {digits:true,maxlength:2,minlength:2} \" \/><li style=\"display:none;\"><label for=\"vfb-spam\">This box is for spam protection - <strong>please leave it blank<\/strong>:<\/label><div><input name=\"vfb-spam\" id=\"vfb-spam\" \/><\/div><\/li>\n\t\t\t<li class=\"vfb-item vfb-item-submit\" id=\"vfb-bestellen-242\">\n\t\t\t\t\t<input type=\"submit\" name=\"visual-form-builder-submit\" id=\"sendmail\" value=\"Bestellen\" class=\"vfb-submit \" \/>\n\t\t\t\t\t<\/li> <\/ul>\n\t\t\t<\/fieldset><\/form><\/div><\/p>\n","protected":false},"excerpt":{"rendered":"<p>Danke, dass Sie sich f\u00fcr unsere Dienste entschieden haben. Falls Sie den Fragebogen noch nicht ausgef\u00fcllt haben, machen sie das bitte\u00a0hier<\/p>\n","protected":false},"author":1,"featured_media":0,"parent":24,"menu_order":2,"comment_status":"closed","ping_status":"closed","template":"content-full.php","meta":[],"_links":{"self":[{"href":"https:\/\/www.renakontakt.com\/ch\/wp-json\/wp\/v2\/pages\/392"}],"collection":[{"href":"https:\/\/www.renakontakt.com\/ch\/wp-json\/wp\/v2\/pages"}],"about":[{"href":"https:\/\/www.renakontakt.com\/ch\/wp-json\/wp\/v2\/types\/page"}],"author":[{"embeddable":true,"href":"https:\/\/www.renakontakt.com\/ch\/wp-json\/wp\/v2\/users\/1"}],"replies":[{"embeddable":true,"href":"https:\/\/www.renakontakt.com\/ch\/wp-json\/wp\/v2\/comments?post=392"}],"version-history":[{"count":9,"href":"https:\/\/www.renakontakt.com\/ch\/wp-json\/wp\/v2\/pages\/392\/revisions"}],"predecessor-version":[{"id":410,"href":"https:\/\/www.renakontakt.com\/ch\/wp-json\/wp\/v2\/pages\/392\/revisions\/410"}],"up":[{"embeddable":true,"href":"https:\/\/www.renakontakt.com\/ch\/wp-json\/wp\/v2\/pages\/24"}],"wp:attachment":[{"href":"https:\/\/www.renakontakt.com\/ch\/wp-json\/wp\/v2\/media?parent=392"}],"curies":[{"name":"wp","href":"https:\/\/api.w.org\/{rel}","templated":true}]}}