{"id":399,"date":"2013-03-31T19:34:57","date_gmt":"2013-03-31T19:34:57","guid":{"rendered":"http:\/\/www.renakontakt.com\/de\/?page_id=399"},"modified":"2014-04-07T19:35:27","modified_gmt":"2014-04-07T19:35:27","slug":"gold-karte-bestellen","status":"publish","type":"page","link":"https:\/\/www.renakontakt.com\/ch\/angebot-kosten\/gold-karte-bestellen\/","title":{"rendered":"Gold Karte bestellen"},"content":{"rendered":"<p style=\"text-align: center;\">Danke, dass Sie sich f\u00fcr unsere Dienste entschieden haben.<\/p>\n<p style=\"text-align: center;\">Falls Sie den Fragebogen noch nicht ausgef\u00fcllt haben, machen sie das bitte\u00a0<a href=\"ch\/fragebogen\" target=\"_blank\">hier<\/a><\/p>\n<p style=\"text-align: center;\"><div class=\"visual-form-builder-container\">\n\t\t<form id=\"gold-karte-ch-15\" class=\"visual-form-builder vfb-form-15  \" method=\"post\" enctype=\"multipart\/form-data\" action=\"\">\n\t\t<input type=\"hidden\" name=\"form_id\" value=\"15\" \/><fieldset class=\"vfb-fieldset vfb-fieldset-1 gold-karte-bestellen    \" id=\"vfb-gold-karte-bestellen-263\"><div class=\"vfb-legend\"><h3>Gold Karte bestellen<\/h3><\/div><ul class=\"vfb-section vfb-section-1\"><li class=\"vfb-item vfb-item-text   vfb-left-half  \" id=\"item-vfb-ihre-name-267\"><label for=\"vfb-ihre-name-267\" class=\"vfb-desc\">Ihre Name  <span class=\"vfb-required-asterisk\">*<\/span><\/label><input type=\"text\" name=\"vfb-267\" id=\"vfb-ihre-name-267\" value=\"\" class=\"vfb-text  vfb-medium  required  \" \/><\/li><li class=\"vfb-item vfb-item-email   vfb-right-half  \" id=\"item-vfb-ihre-e-mail-266\"><label for=\"vfb-ihre-e-mail-266\" class=\"vfb-desc\">Ihre E-mail  <span class=\"vfb-required-asterisk\">*<\/span><\/label><input type=\"email\" name=\"vfb-266\" id=\"vfb-ihre-e-mail-266\" value=\"\" class=\"vfb-text  vfb-medium  required  email \" \/><\/li><li class=\"vfb-item vfb-item-checkbox    \" id=\"item-vfb-268-268\"><label for=\"vfb-268-268\" class=\"vfb-desc\">  <span class=\"vfb-required-asterisk\">*<\/span><\/label><div><span><input type=\"checkbox\" name=\"vfb-268[]\" id=\"vfb-268-268-0\" value=\"Ich bestelle hiermit die Gold-Karte, die mir f\u00fcr die Nutzung der Agenturdienste gem\u00e4ss separaten Beschrieb f\u00fcr den Preis von 1300CHF berechtigt.\" class=\"vfb-checkbox  required \" \/><label for=\"vfb-268-268-0\" class=\"vfb-choice\">Ich bestelle hiermit die Gold-Karte, die mir f\u00fcr die Nutzung der Agenturdienste gem\u00e4ss separaten Beschrieb f\u00fcr den Preis von 1300CHF berechtigt.<\/label><\/span><div style=\"clear:both\"><\/div><\/div><\/li><li class=\"vfb-item vfb-item-checkbox    \" id=\"item-vfb-283-283\"><label for=\"vfb-283-283\" class=\"vfb-desc\"> <\/label><div><span><input type=\"checkbox\" name=\"vfb-283[]\" id=\"vfb-283-283-0\" value=\"Ich bestelle hiermit den Upgrade zur Gold-Karte gem. Beschrieb im Angebot f\u00fcr den Preis von 200CHF.\" class=\"vfb-checkbox  \" \/><label for=\"vfb-283-283-0\" class=\"vfb-choice\">Ich bestelle hiermit den Upgrade zur Gold-Karte gem. Beschrieb im Angebot f\u00fcr den Preis von 200CHF.<\/label><\/span><div style=\"clear:both\"><\/div><\/div><\/li><li class=\"vfb-item vfb-item-textarea    \" id=\"item-vfb-269-269\"><label for=\"vfb-269-269\" class=\"vfb-desc\"> <\/label><div><span><label>Benutzen Sie  dieses Feld  wenn Sie uns etwas mitteilen m\u00f6chten. <\/label><\/span><textarea name=\"vfb-269\" id=\"vfb-269-269\" class=\"vfb-textarea  vfb-medium  \"><\/textarea><\/div><\/li><\/ul><br \/><\/fieldset><fieldset class=\"vfb-fieldset vfb-fieldset-2 spamschutz  \" id=\"vfb-spamschutz-262\"><div class=\"vfb-legend\"><h3>Spamschutz<\/h3><\/div><ul class=\"vfb-section vfb-section-2\"><li class=\"vfb-item vfb-item-secret\"><label for=\"vfb-zur-pruefung-dass-sie-kein-robot-sind-tragen-sie-unten-bitte-zwei-frei-waehlbare-ziffern-ein-264\" class=\"vfb-desc\">Zur Pr\u00fcfung, dass Sie kein Robot sind, tragen Sie unten bitte zwei frei w\u00e4hlbare Ziffern ein. <span class=\"vfb-required-asterisk\">*<\/span><\/label><input type=\"hidden\" name=\"_vfb-secret\" value=\"vfb-264\" \/><input type=\"text\" name=\"vfb-264\" id=\"vfb-zur-pruefung-dass-sie-kein-robot-sind-tragen-sie-unten-bitte-zwei-frei-waehlbare-ziffern-ein-264\" value=\"\" class=\"vfb-text  vfb-medium  required  {digits:true,maxlength:2,minlength:2} \" \/><li style=\"display:none;\"><label for=\"vfb-spam\">This box is for spam protection - <strong>please leave it blank<\/strong>:<\/label><div><input name=\"vfb-spam\" id=\"vfb-spam\" \/><\/div><\/li>\n\t\t\t<li class=\"vfb-item vfb-item-submit\" id=\"vfb-bestellen-265\">\n\t\t\t\t\t<input type=\"submit\" name=\"visual-form-builder-submit\" id=\"sendmail\" value=\"Bestellen\" class=\"vfb-submit \" \/>\n\t\t\t\t\t<\/li> <\/ul>\n\t\t\t<\/fieldset><\/form><\/div><\/p>\n","protected":false},"excerpt":{"rendered":"<p>Danke, dass Sie sich f\u00fcr unsere Dienste entschieden haben. Falls Sie den Fragebogen noch nicht ausgef\u00fcllt haben, machen sie das bitte\u00a0hier<\/p>\n","protected":false},"author":1,"featured_media":0,"parent":24,"menu_order":3,"comment_status":"closed","ping_status":"closed","template":"content-full.php","meta":[],"_links":{"self":[{"href":"https:\/\/www.renakontakt.com\/ch\/wp-json\/wp\/v2\/pages\/399"}],"collection":[{"href":"https:\/\/www.renakontakt.com\/ch\/wp-json\/wp\/v2\/pages"}],"about":[{"href":"https:\/\/www.renakontakt.com\/ch\/wp-json\/wp\/v2\/types\/page"}],"author":[{"embeddable":true,"href":"https:\/\/www.renakontakt.com\/ch\/wp-json\/wp\/v2\/users\/1"}],"replies":[{"embeddable":true,"href":"https:\/\/www.renakontakt.com\/ch\/wp-json\/wp\/v2\/comments?post=399"}],"version-history":[{"count":8,"href":"https:\/\/www.renakontakt.com\/ch\/wp-json\/wp\/v2\/pages\/399\/revisions"}],"predecessor-version":[{"id":419,"href":"https:\/\/www.renakontakt.com\/ch\/wp-json\/wp\/v2\/pages\/399\/revisions\/419"}],"up":[{"embeddable":true,"href":"https:\/\/www.renakontakt.com\/ch\/wp-json\/wp\/v2\/pages\/24"}],"wp:attachment":[{"href":"https:\/\/www.renakontakt.com\/ch\/wp-json\/wp\/v2\/media?parent=399"}],"curies":[{"name":"wp","href":"https:\/\/api.w.org\/{rel}","templated":true}]}}