{"id":455,"date":"2013-05-28T19:23:30","date_gmt":"2013-05-28T19:23:30","guid":{"rendered":"http:\/\/www.renakontakt.com\/de\/?page_id=455"},"modified":"2013-12-16T18:21:36","modified_gmt":"2013-12-16T18:21:36","slug":"die-lange-tradition-der-osteuropaischen-partnervermittlung","status":"publish","type":"page","link":"https:\/\/www.renakontakt.com\/ch\/artikeln\/die-lange-tradition-der-osteuropaischen-partnervermittlung\/","title":{"rendered":"Die lange Tradition der osteurop\u00e4ischen Partnervermittlung."},"content":{"rendered":"<h1 style=\"text-align: center;\">Die lange Tradition der osteurop\u00e4ischen Partnervermittlung.<\/h1>\n<h2 style=\"text-align: center;\"><em>Die Familie ist die Priorit\u00e4t. Nicht mehr allein sein.\u00a0<\/em><\/h2>\n<h2>Das Leben zu zweit ist wundersch\u00f6n.<\/h2>\n<p>Klar, Sie m\u00fcssen nicht direkt heiraten, denn unsere <strong>osteurop\u00e4ische Partnervermittlung <\/strong><span style=\"text-decoration: underline;\">vermittelt Frauen aus der Slowakei<\/span> und Tschechien, also vor allem Frauen aus \u00a0EU-L\u00e4ndern. Die Frauen aus diesen L\u00e4ndern k\u00f6nnen in den westeurop\u00e4ischen L\u00e4ndern ohne irgendeine Einladung legal leben und arbeiten. Der gro\u00dfe Vorteil daran ist, dass sie gen\u00fcgend Zeit haben sich n\u00e4her kennenzulernen, ob und wie Sie zusammenpassen und wie sch\u00f6n das Leben zu zweit sein kann. Man hat alle Zeit der Welt viel miteinander zu unternehmen, bei sch\u00f6nem Wetter zum Beispiel wandern gehen, Fahrrad fahren, bei schlechtem Wetter gemeinsame Abende \u00a0zu verbringen oder man kann auch z. B. Im gemeinsamen Urlaub, wo es die bsten Bedingungen gibt, sich richtig kennenzulernen.<\/p>\n<h2>Philosophie unserer <span style=\"text-decoration: underline;\">osteurop\u00e4ischen Partnervermittlung<\/span><\/h2>\n<p>Unser Ziel ist es, \u00a0unkomplizierte direkte Kontakte zu erm\u00f6glichen.<\/p>\n<p>Wir arbeiten diskret, ehrlich und seri\u00f6s. Das Beweis f\u00fcr unsere seri\u00f6se und diskrete Arbeit ist unsere lange Tradition der <strong>osteurop\u00e4ischen Partnervermittlung. <\/strong>N\u00e4here Informationen zu unseren Erfolgen bei der <span style=\"text-decoration: underline;\">Partnervermittlung<\/span> und <span style=\"text-decoration: underline;\">Heiratsvermittlung<\/span> k\u00f6nnen Sie in der Galerie-Sektion anschauen oder einfach die Referenzen lesen.<\/p>\n<p>Wir wollen Menschen helfen, ihren Lebenspartner zu finden. Unsere <strong>osteurop\u00e4ische Partnervermittlung<\/strong> hat eine lange Tradition.<\/p>\n<h2>Bei uns stehen Sie in der Mitte.<\/h2>\n<p>Bei unserer <strong>osteurop\u00e4ischen Partnervermittlung <\/strong>stehen Sie in der Mitte. Alles dreht sich nur um Sie. Bei uns bekommen Sie das beste Service. Wir konzentrieren alle Kr\u00e4fte darauf, Ihnen Traumpartnerin zu finden. Sie bekommen von uns die besten Tipps f\u00fcr eine bessere und schnellere <span style=\"text-decoration: underline;\">Partnervermittlung<\/span>. Unserer <strong>osteurop\u00e4ische Partnervermittlung<\/strong>sagentur findet f\u00fcr Sie die h\u00fcbschesten Frauen, mit den besten Eigenschaften, die zu Ihnen passen.<\/p>\n<p>Unser eigenes einzigartiges KonzeptUnsere <strong>osteurop\u00e4ischen Partnervermittlung <\/strong>basiert auf unseren eigenen akademischen und psychologischen Kompetenzen, an denen wir st\u00e4ndig weiter arbeiten und die wir st\u00e4ndig weiterentwickeln. Das ist das Grundrezept unseres Erfolges im Bereich der <span style=\"text-decoration: underline;\">Partnervermittlung <\/span>und <span style=\"text-decoration: underline;\">Heiratsvermittlung<\/span>. Die potenziellen Partner werden bei uns nicht maschinell ausgesucht und zusammengef\u00fchrt, sondern von unserem Team, dessen Mitglieder eine psychologische Ausbildung haben.<\/p>\n","protected":false},"excerpt":{"rendered":"<p>Die lange Tradition der osteurop\u00e4ischen Partnervermittlung. Die Familie ist die Priorit\u00e4t. Nicht mehr allein sein.\u00a0 Das Leben zu zweit ist wundersch\u00f6n. Klar, Sie m\u00fcssen nicht direkt heiraten, denn unsere osteurop\u00e4ische Partnervermittlung vermittelt Frauen aus der Slowakei und Tschechien, also vor<span class=\"ellipsis\">&hellip;<\/span> <a href=\"https:\/\/www.renakontakt.com\/ch\/artikeln\/die-lange-tradition-der-osteuropaischen-partnervermittlung\/\"><\/p>\n<div class=\"see-more\">See more &#8250;<\/div>\n<p><!-- end of .see-more --><\/a><\/p>\n","protected":false},"author":1,"featured_media":0,"parent":436,"menu_order":0,"comment_status":"closed","ping_status":"closed","template":"content-full.php","meta":[],"_links":{"self":[{"href":"https:\/\/www.renakontakt.com\/ch\/wp-json\/wp\/v2\/pages\/455"}],"collection":[{"href":"https:\/\/www.renakontakt.com\/ch\/wp-json\/wp\/v2\/pages"}],"about":[{"href":"https:\/\/www.renakontakt.com\/ch\/wp-json\/wp\/v2\/types\/page"}],"author":[{"embeddable":true,"href":"https:\/\/www.renakontakt.com\/ch\/wp-json\/wp\/v2\/users\/1"}],"replies":[{"embeddable":true,"href":"https:\/\/www.renakontakt.com\/ch\/wp-json\/wp\/v2\/comments?post=455"}],"version-history":[{"count":4,"href":"https:\/\/www.renakontakt.com\/ch\/wp-json\/wp\/v2\/pages\/455\/revisions"}],"predecessor-version":[{"id":602,"href":"https:\/\/www.renakontakt.com\/ch\/wp-json\/wp\/v2\/pages\/455\/revisions\/602"}],"up":[{"embeddable":true,"href":"https:\/\/www.renakontakt.com\/ch\/wp-json\/wp\/v2\/pages\/436"}],"wp:attachment":[{"href":"https:\/\/www.renakontakt.com\/ch\/wp-json\/wp\/v2\/media?parent=455"}],"curies":[{"name":"wp","href":"https:\/\/api.w.org\/{rel}","templated":true}]}}