{"id":458,"date":"2013-05-28T19:25:48","date_gmt":"2013-05-28T19:25:48","guid":{"rendered":"http:\/\/www.renakontakt.com\/de\/?page_id=458"},"modified":"2013-12-16T18:21:36","modified_gmt":"2013-12-16T18:21:36","slug":"agentur-rena-partnervermittlung-osteuropa","status":"publish","type":"page","link":"https:\/\/www.renakontakt.com\/ch\/artikeln\/agentur-rena-partnervermittlung-osteuropa\/","title":{"rendered":"Agentur Rena \u2013 Partnervermittlung Osteuropa"},"content":{"rendered":"<h1 style=\"text-align: center;\">Agentur Rena \u2013 Partnervermittlung Osteuropa<\/h1>\n<h2 style=\"text-align: center;\"><em>Partnervermittlung mit \u00a0Garantie. Heiratsvermittlung schnell und zuverl\u00e4ssig.\u00a0<\/em><\/h2>\n<h1><\/h1>\n<h2>Partnervermittlung Osteuropa<\/h2>\n<p>Tr\u00e4umen Sie von einer tollen Frau aus Osteuropa, von einer liebevollen und gl\u00fccklichen Beziehung? Unsere Agentur Rena \u2013 <strong>Partnervermittlung Osteuropa<\/strong> bietet Ihnen die ideale M\u00f6glichkeit, Ihre Tr\u00e4ume wahr zu machen.<\/p>\n<h2>Rena die seri\u00f6se Partnervermittlung Osteuropa<\/h2>\n<p>Unsere renommierte Agentur Rena, die sich vor allem mit der <span style=\"text-decoration: underline;\">Partnervermittlung<\/span> und \u00a0mit der <span style=\"text-decoration: underline;\">Heiratsvermittlung<\/span> besch\u00e4ftigt, hat eine langj\u00e4hrige Tradition. In ihrer Existenz hat die Rena \u2013 <strong>Partnervermittlung Osteuropa <\/strong>mehrere Hundert Paare gl\u00fccklich gemacht. Die meisten Paare, denen die <span style=\"text-decoration: underline;\">osteurop\u00e4ische Partnervermittlung<\/span> Rena zu ihrem Gl\u00fcck geholfen hat, haben geheiratet und leben weiterhin gl\u00fccklich mitbeneinander. Agentur Rena Partnervermittlung Osteuropa bietet Ihnen auf Ihre Bed\u00fcrfnisse zugeschnittene, qualitativ hochwertige und seri\u00f6se Dienstleistung! Unsere Kompetenz, pers\u00f6nliche Beratung und Vielzahl von M\u00f6glichkeiten erh\u00f6hen Ihre Chancen, Ihre Traumfrau zu finden.<\/p>\n<h2>Warum gerade <span style=\"text-decoration: underline;\">osteurop\u00e4ische Partnervermittlung<\/span>?<\/h2>\n<p>Es gibt eine Gro\u00dfzahl an Partnerb\u00f6rsen und sozialen Netzwerken im Internet. Dort gibt es aber sehr viele Menschen, die vor allem Spa\u00df suchen. Man kann dort rasch viele Bekanntschaften machen, meist aber nur kurze und oberfl\u00e4chliche. Bei der Rena \u2013 <strong>Partnervermittlung Osteuropa <\/strong>gibt es dagegen nur Frauen, die an echter Liebe interessiert sind. Irgendwelche kurzzeitige oberfl\u00e4chliche Bekanntschaften interessieren sie nicht. Wenn Sie also eine echte Liebe suchen, sind sie bei der <span style=\"text-decoration: underline;\">osteurop\u00e4ischen Partnervermittlung<\/span> Rena genau richtig.<\/p>\n<h2>Die Garantien unserer <span style=\"text-decoration: underline;\">Partnervermittlung<\/span> und <span style=\"text-decoration: underline;\">Heiratsvermittlung<\/span><\/h2>\n<p>Wir kennen pers\u00f6nlich alle Damen, die \u00fcber unsere Agentur Rena eine <span style=\"text-decoration: underline;\">Partnervermittlung<\/span> oder <span style=\"text-decoration: underline;\">Heiratsvermittlung<\/span> suchen. Daher k\u00f6nnen wir f\u00fcr deren Echtheit im Aussehen und ehrliche Absichten sozusagen eine Garantie gew\u00e4hren. Mit unserem guten Ruf als Agentur Rena \u2013 Partnervermittlung Osteuropa stehen wir daf\u00fcr gerade, dass Sie Ihre auserw\u00e4hlte Dame treffen. Sollte sich zeigen, dass die Chemie zwischen Ihnen doch nicht stimmt, suchen wir f\u00fcr Sie weiter nach einer passenden Dame solange, bis alles in Ordnung ist. Suchen sie nach Ihrem Liebesgl\u00fcck da, wo es unkompliziert und schnell ist und wo es eine Garantie gibt, suchen Sie bei der Agentur Rena <strong>Partnervermittlung Osteuropa<\/strong>.<\/p>\n","protected":false},"excerpt":{"rendered":"<p>Agentur Rena \u2013 Partnervermittlung Osteuropa Partnervermittlung mit \u00a0Garantie. Heiratsvermittlung schnell und zuverl\u00e4ssig.\u00a0 Partnervermittlung Osteuropa Tr\u00e4umen Sie von einer tollen Frau aus Osteuropa, von einer liebevollen und gl\u00fccklichen Beziehung? Unsere Agentur Rena \u2013 Partnervermittlung Osteuropa bietet Ihnen die ideale M\u00f6glichkeit, Ihre<span class=\"ellipsis\">&hellip;<\/span> <a href=\"https:\/\/www.renakontakt.com\/ch\/artikeln\/agentur-rena-partnervermittlung-osteuropa\/\"><\/p>\n<div class=\"see-more\">See more &#8250;<\/div>\n<p><!-- end of .see-more --><\/a><\/p>\n","protected":false},"author":1,"featured_media":0,"parent":436,"menu_order":0,"comment_status":"closed","ping_status":"closed","template":"content-full.php","meta":[],"_links":{"self":[{"href":"https:\/\/www.renakontakt.com\/ch\/wp-json\/wp\/v2\/pages\/458"}],"collection":[{"href":"https:\/\/www.renakontakt.com\/ch\/wp-json\/wp\/v2\/pages"}],"about":[{"href":"https:\/\/www.renakontakt.com\/ch\/wp-json\/wp\/v2\/types\/page"}],"author":[{"embeddable":true,"href":"https:\/\/www.renakontakt.com\/ch\/wp-json\/wp\/v2\/users\/1"}],"replies":[{"embeddable":true,"href":"https:\/\/www.renakontakt.com\/ch\/wp-json\/wp\/v2\/comments?post=458"}],"version-history":[{"count":4,"href":"https:\/\/www.renakontakt.com\/ch\/wp-json\/wp\/v2\/pages\/458\/revisions"}],"predecessor-version":[{"id":601,"href":"https:\/\/www.renakontakt.com\/ch\/wp-json\/wp\/v2\/pages\/458\/revisions\/601"}],"up":[{"embeddable":true,"href":"https:\/\/www.renakontakt.com\/ch\/wp-json\/wp\/v2\/pages\/436"}],"wp:attachment":[{"href":"https:\/\/www.renakontakt.com\/ch\/wp-json\/wp\/v2\/media?parent=458"}],"curies":[{"name":"wp","href":"https:\/\/api.w.org\/{rel}","templated":true}]}}