{"id":460,"date":"2013-05-28T19:27:22","date_gmt":"2013-05-28T19:27:22","guid":{"rendered":"http:\/\/www.renakontakt.com\/de\/?page_id=460"},"modified":"2013-12-16T18:21:36","modified_gmt":"2013-12-16T18:21:36","slug":"partnervermittlung-in-tschechien","status":"publish","type":"page","link":"https:\/\/www.renakontakt.com\/ch\/artikeln\/partnervermittlung-in-tschechien\/","title":{"rendered":"Partnervermittlung in Tschechien."},"content":{"rendered":"<h1 style=\"text-align: center;\">Partnervermittlung in Tschechien.<\/h1>\n<h2 style=\"text-align: center;\"><em>Warmherzige Frau aus Tschechien. Nette heiratswillige Frauen f\u00fcr alle.\u00a0<\/em><\/h2>\n<h2>Partnervermittlung in Tschechien<\/h2>\n<p>Suchen Sie immer noch nach Ihrer Traumfrau, die sich sowohl durch Charme und Esprit als auch durch eine besonders herzliche Ausstrahlung auszeichnet? Dann sind Sie auf unseren Webseiten der <strong>Partnervermittlung <\/strong>RENA genau richtig. Unsere Agentur hat langj\u00e4hrige Erfahrungen im Bereich der <strong>Partnervermittlung <\/strong>und <span style=\"text-decoration: underline;\">Heiratsvermittlung<\/span><strong>. <\/strong>In dieser Zeit haben wir mehrere Hundert Paare zusammen gebracht, die heute gl\u00fccklich verliebt und verheiratet sind. Viele dieser Paare leben schon lange Jahre gl\u00fccklich miteinander.<\/p>\n<h2>Wie eine Partnervermittlung funktioniert?<\/h2>\n<p>Am Anfang f\u00fcllen sie ein Fragebogen aus. Danach erhalten Sie von uns fortlaufend auf Ihre Pers\u00f6nlichkeit abgestimmte Vorschl\u00e4ge mit passenden Damen zugeschickt. Allerdings nur so lange, bis Ihr Abo zu Ende ist. Bei der Diamantkarte sogar bis zum gew\u00fcnschten Erfolg. Nachdem Sie Ihre Wahl getroffen haben, kl\u00e4ren <strong>\u00a0<\/strong>wir mit der <span style=\"text-decoration: underline;\">Frau aus Osteuropa<\/span><strong> i<\/strong>hre Bereitschaft zum Kontakt. Falls sie damit einverstanden ist, erhalten Sie ihre Kontaktdaten.<\/p>\n<h2>Warum gerade <span style=\"text-decoration: underline;\">osteurop\u00e4ische Partnervermittlung<\/span><\/h2>\n<p>Nach unseren achtzehnj\u00e4hrigen Erfahrungen m\u00f6chten diese Damen ein ganz normales harmonisches Leben f\u00fchren. Sie suchen einen liebevollen zuverl\u00e4ssigen Partner, der mit Ihnen durch \u201eDick und D\u00fcnn\u201c gehen wird. Damen, denen unsere Agentur mit der <strong>Partnervermittlung <\/strong>hilft, sind EU-B\u00fcrgerinnen und k\u00f6nnen jederzeit Westeuropa besuchen, und dort auch ohne unsere <span style=\"text-decoration: underline;\">Heiratsvermittlung<\/span> sogar legal arbeiten.<\/p>\n<h2>Warum suchen Tschechinnen eine <span style=\"text-decoration: underline;\">Partnervermittlung<\/span> oder <span style=\"text-decoration: underline;\">Heiratsvermittlung<\/span> in \u00d6sterreich, Deutschland oder in der Schweiz?<\/h2>\n<p>Klar, es kann mehrerer Gr\u00fcnde geben, warum Frauen aus Osteuropa eine <strong>Partnervermittlung <\/strong>oder <span style=\"text-decoration: underline;\">Heiratsvermittlung<\/span> in Westeuropa suchen. Vielleicht haben sie mit den tschechischen M\u00e4nnern mehrere Entt\u00e4uschungen erlebt, oder haben wegen ihren Berufes nur geringe M\u00f6glichkeiten jemanden kennenzulernen. Eins sollten Sie aber nicht vergessen. Diese Frauen sind bereit ihr komplettes soziales Umfeld zu opfern, ihre Freunde, Verwandte und Umgebung. Es ist sehr unwahrscheinlich, dass jemand das Alles ausschlie\u00dflich aus materiellen Gr\u00fcnden aufgeben w\u00fcrde.<\/p>\n","protected":false},"excerpt":{"rendered":"<p>Partnervermittlung in Tschechien. Warmherzige Frau aus Tschechien. Nette heiratswillige Frauen f\u00fcr alle.\u00a0 Partnervermittlung in Tschechien Suchen Sie immer noch nach Ihrer Traumfrau, die sich sowohl durch Charme und Esprit als auch durch eine besonders herzliche Ausstrahlung auszeichnet? Dann sind Sie<span class=\"ellipsis\">&hellip;<\/span> <a href=\"https:\/\/www.renakontakt.com\/ch\/artikeln\/partnervermittlung-in-tschechien\/\"><\/p>\n<div class=\"see-more\">See more &#8250;<\/div>\n<p><!-- end of .see-more --><\/a><\/p>\n","protected":false},"author":1,"featured_media":0,"parent":436,"menu_order":0,"comment_status":"closed","ping_status":"closed","template":"content-full.php","meta":[],"_links":{"self":[{"href":"https:\/\/www.renakontakt.com\/ch\/wp-json\/wp\/v2\/pages\/460"}],"collection":[{"href":"https:\/\/www.renakontakt.com\/ch\/wp-json\/wp\/v2\/pages"}],"about":[{"href":"https:\/\/www.renakontakt.com\/ch\/wp-json\/wp\/v2\/types\/page"}],"author":[{"embeddable":true,"href":"https:\/\/www.renakontakt.com\/ch\/wp-json\/wp\/v2\/users\/1"}],"replies":[{"embeddable":true,"href":"https:\/\/www.renakontakt.com\/ch\/wp-json\/wp\/v2\/comments?post=460"}],"version-history":[{"count":5,"href":"https:\/\/www.renakontakt.com\/ch\/wp-json\/wp\/v2\/pages\/460\/revisions"}],"predecessor-version":[{"id":606,"href":"https:\/\/www.renakontakt.com\/ch\/wp-json\/wp\/v2\/pages\/460\/revisions\/606"}],"up":[{"embeddable":true,"href":"https:\/\/www.renakontakt.com\/ch\/wp-json\/wp\/v2\/pages\/436"}],"wp:attachment":[{"href":"https:\/\/www.renakontakt.com\/ch\/wp-json\/wp\/v2\/media?parent=460"}],"curies":[{"name":"wp","href":"https:\/\/api.w.org\/{rel}","templated":true}]}}