{"id":464,"date":"2013-05-28T19:29:01","date_gmt":"2013-05-28T19:29:01","guid":{"rendered":"http:\/\/www.renakontakt.com\/de\/?page_id=464"},"modified":"2013-12-16T18:22:06","modified_gmt":"2013-12-16T18:22:06","slug":"slowakischen-frauen","status":"publish","type":"page","link":"https:\/\/www.renakontakt.com\/ch\/artikeln\/slowakischen-frauen\/","title":{"rendered":"Slowakischen Frauen"},"content":{"rendered":"<h1 style=\"text-align: center;\">Slowakischen Frauen<\/h1>\n<h2 style=\"text-align: center;\"><em>Finden Sie Ihre Traumfrau mithilfe unserer Agentur. Die besten Partnerinnen aus der Slowakei.<\/em><\/h2>\n<h2>Vermittlung der slowakischen Frauen<\/h2>\n<p>Unsere Agentur organisiert die <span style=\"text-decoration: underline;\">Partnervermittlung<\/span> nicht nur f\u00fcr die tschechischen Frauen. Wir <strong>vermitteln <\/strong>auch<strong> Frauen aus der Slowakei. <\/strong>Die N\u00e4he der beiden V\u00f6lker und die \u00c4hnlichkeit der beiden Sprachen erm\u00f6glichen diese Zusammenarbeit. Die slowakischen Frauen sind der tschechischen Frauen sehr \u00e4hnlich. Die slowakischen Frauen sind f\u00fcr ihre Z\u00e4rtlichkeit und Feinf\u00fchligkeit bekannt und sind ebenfalls sehr aufgeschlossen gegen\u00fcber Neuem.<\/p>\n<h2>Die nettesten slowakischen Frauen<\/h2>\n<p>Um unsere Aufgabe in Erf\u00fcllung zu bringen, <strong>vermitteln<\/strong> wir <strong>Frauen aus der Slowakei <\/strong>und Tschechien, weil viele Menschen der Meinung sind, dass es dort die h\u00fcbschesten Frauen aus der ganzen Welt gibt. Die slowakischen Frauen haben \u00e4hnliche Perspektive, Hintergrund und Lebensziele wie die tschechischen Frauen. Lassen Sie sich \u00fcberzeugen von den slowakischen Frauen.<\/p>\n<h2>Verlieben Sie sich wieder.<\/h2>\n<p>\u00dcberlassen Sie die wichtigste Entscheidung Ihres Lebens nicht l\u00e4nger dem Zufall, erh\u00f6hen Sie Ihre Chancen wieder verliebt zu werden und vertrauen Sie unserer renommiertesten und erfolgreichsten <span style=\"text-decoration: underline;\">Partnervermittlungs<\/span>&#8211; und <span style=\"text-decoration: underline;\">Heiratsvermittlung<\/span>sagentur. Mehrere Hundert dauerhafter Partnerschaften, die seit 1995 dank unserer Arbeit entstanden sind, sind der beste Beweis, dass wir jedem Klienten individuell und feinf\u00fchlig eine <strong>Frau aus der Slowakei,<\/strong> <strong>Tschechien oder Osteuropa vermitteln , <\/strong>die zu Ihnen passt.<strong> <\/strong><\/p>\n<h2>Alle tschechischen und slowakischen Frauen sind bezaubernd.<\/h2>\n<p>Es gibt weltweit viele Frauen und M\u00e4nner, die den richtigen Partner \/ Partnerin f\u00fcr ihr Leben und f\u00fcr die Gr\u00fcndung einer Familie suchen. Falls Sie z. B. wegen ihres Berufes oder der Gegend in der Sie sich bewegen keine M\u00f6glichkeit haben, Ihre Traumfrau kennenzulernen, ist es die richtige Zeit es bei unserer <span style=\"text-decoration: underline;\">Partnervermittlung<\/span>s- und <span style=\"text-decoration: underline;\">Heiratsvermittlung<\/span>sagentur zu versuchen, den wir <strong>vermitteln Frauen aus der Slowakei, Tschechien und Osteuropa<\/strong>, die zu den h\u00fcbschesten Frauen der Welt z\u00e4hlen<strong>. <\/strong>Die slowakischen Frauen sind die besten Partnerinnen, ausgezeichnete M\u00fctter, F\u00fcrsorglichkeit, Flei\u00df, Freundlichkeit und Treue sind ihre Priorit\u00e4ten.<\/p>\n","protected":false},"excerpt":{"rendered":"<p>Slowakischen Frauen Finden Sie Ihre Traumfrau mithilfe unserer Agentur. Die besten Partnerinnen aus der Slowakei. Vermittlung der slowakischen Frauen Unsere Agentur organisiert die Partnervermittlung nicht nur f\u00fcr die tschechischen Frauen. Wir vermitteln auch Frauen aus der Slowakei. Die N\u00e4he der<span class=\"ellipsis\">&hellip;<\/span> <a href=\"https:\/\/www.renakontakt.com\/ch\/artikeln\/slowakischen-frauen\/\"><\/p>\n<div class=\"see-more\">See more &#8250;<\/div>\n<p><!-- end of .see-more --><\/a><\/p>\n","protected":false},"author":1,"featured_media":0,"parent":436,"menu_order":0,"comment_status":"closed","ping_status":"closed","template":"content-full.php","meta":[],"_links":{"self":[{"href":"https:\/\/www.renakontakt.com\/ch\/wp-json\/wp\/v2\/pages\/464"}],"collection":[{"href":"https:\/\/www.renakontakt.com\/ch\/wp-json\/wp\/v2\/pages"}],"about":[{"href":"https:\/\/www.renakontakt.com\/ch\/wp-json\/wp\/v2\/types\/page"}],"author":[{"embeddable":true,"href":"https:\/\/www.renakontakt.com\/ch\/wp-json\/wp\/v2\/users\/1"}],"replies":[{"embeddable":true,"href":"https:\/\/www.renakontakt.com\/ch\/wp-json\/wp\/v2\/comments?post=464"}],"version-history":[{"count":4,"href":"https:\/\/www.renakontakt.com\/ch\/wp-json\/wp\/v2\/pages\/464\/revisions"}],"predecessor-version":[{"id":614,"href":"https:\/\/www.renakontakt.com\/ch\/wp-json\/wp\/v2\/pages\/464\/revisions\/614"}],"up":[{"embeddable":true,"href":"https:\/\/www.renakontakt.com\/ch\/wp-json\/wp\/v2\/pages\/436"}],"wp:attachment":[{"href":"https:\/\/www.renakontakt.com\/ch\/wp-json\/wp\/v2\/media?parent=464"}],"curies":[{"name":"wp","href":"https:\/\/api.w.org\/{rel}","templated":true}]}}