{"id":516,"date":"2013-11-01T14:39:07","date_gmt":"2013-11-01T14:39:07","guid":{"rendered":"http:\/\/www.renakontakt.com\/de\/?page_id=516"},"modified":"2013-12-16T18:22:06","modified_gmt":"2013-12-16T18:22:06","slug":"wunderbare-osteuropaische-frauen","status":"publish","type":"page","link":"https:\/\/www.renakontakt.com\/ch\/artikeln\/wunderbare-osteuropaische-frauen\/","title":{"rendered":"Wunderbare osteurop\u00e4ische Frauen"},"content":{"rendered":"<h3 style=\"text-align: center;\">Wunderbare osteurop\u00e4ische Frauen. Ideale tschechische Frauen. Dauerhafte Beziehung mit Osteurop\u00e4ischen Frauen.<\/h3>\n<h2 style=\"text-align: center;\">Eigenschaften der osteurop\u00e4ischen Frauen.<\/h2>\n<h1>Osteurop\u00e4ische Frauen<\/h1>\n<p><strong>Osteurop\u00e4ische Frauen<\/strong> und vor allem die slavischen Frauen geh\u00f6ren zu den h\u00fcbschesten Frauen der Welt. Sie stehen zu ihrer Weiblichkeit sehr, sind immer geschminkt und passend angezogen, passen auf ihre Figur auf. F\u00fcr die <strong>osteurop\u00e4ischen Frauen <\/strong>ist es \u00fcblich, dass sie nach der Arbeit viel Zeit den Kindern und der Familie widmen. die Bei unserer seri\u00f6sen Partnervermittlung Osteuropa sind registriert tschechische Frauen und auch\u00a0 slowakische Frauen, deren Eigenschaften sehr unterschiedlich sind, deswegen k\u00f6nnen wir sagen, dass bei unserer Agentur Rena findet jeder Mann seine Traumfrau.<\/p>\n<h1>Die Charakteristik der Osteurop\u00e4ischen Frauen<\/h1>\n<p>Die tschechischen Frauen und slowakischen Frauen sind bekannt vor allem f\u00fcr ihre H\u00e4uslichkeit, Kompromissbereitschaft, Treue, Sch\u00f6nheit, Warmherzigkeit und ihren Flei\u00df. Die Partnerschaft, Kinder und Familie stehen f\u00fcr sie immer an der ersten Stelle.\u00a0 Die <strong>osteurop\u00e4ischen Frauen <\/strong>sind nicht so karriereorientiert wie die westeurop\u00e4ischen Frauen.<\/p>\n<h1>Damen unserer seri\u00f6sen Partnervermittlung Rena<\/h1>\n<p>Die meisten Damen, die bei unserer Agentur Rena Partnervermittlung Osteuropa registriert sind, haben ehrliche Absichten und w\u00fcnschen sich eine feste Partnerschaft oder Ehe mit einem netten, zuverl\u00e4ssigen Mann. Nicht nur die Damen unserer seri\u00f6sen Partnervermittlung Rena aber <strong>osteurop\u00e4ische Frauen <\/strong>sind aufgrund ihrer Erziehung weniger emanzipiert als die deutschen Frauen.<\/p>\n<h1>Ehen zwischen Ausl\u00e4nderinnen und Deutschen sind dauerhafter<\/h1>\n<p>Rein statistisch, wie Sie vielleicht schon wissen, sind Ehen zwischen Ausl\u00e4nderinnen und Deutschen dauerhafter als rein deutsche Ehen. Dank den <strong>osteurop\u00e4ischen Frauen <\/strong>unserer seri\u00f6sen Partnervermittlung Rena haben Sie gr\u00f6\u00dfere Chancen eine Frau kennenzulernen, mit der sie eine dauerhafte Beziehung f\u00fchren k\u00f6nnen und mit der Sie alt werden k\u00f6nnen.<\/p>\n","protected":false},"excerpt":{"rendered":"<p>Wunderbare osteurop\u00e4ische Frauen. Ideale tschechische Frauen. Dauerhafte Beziehung mit Osteurop\u00e4ischen Frauen. Eigenschaften der osteurop\u00e4ischen Frauen. Osteurop\u00e4ische Frauen Osteurop\u00e4ische Frauen und vor allem die slavischen Frauen geh\u00f6ren zu den h\u00fcbschesten Frauen der Welt. Sie stehen zu ihrer Weiblichkeit sehr, sind immer<span class=\"ellipsis\">&hellip;<\/span> <a href=\"https:\/\/www.renakontakt.com\/ch\/artikeln\/wunderbare-osteuropaische-frauen\/\"><\/p>\n<div class=\"see-more\">See more &#8250;<\/div>\n<p><!-- end of .see-more --><\/a><\/p>\n","protected":false},"author":1,"featured_media":0,"parent":436,"menu_order":0,"comment_status":"closed","ping_status":"closed","template":"content-full.php","meta":[],"_links":{"self":[{"href":"https:\/\/www.renakontakt.com\/ch\/wp-json\/wp\/v2\/pages\/516"}],"collection":[{"href":"https:\/\/www.renakontakt.com\/ch\/wp-json\/wp\/v2\/pages"}],"about":[{"href":"https:\/\/www.renakontakt.com\/ch\/wp-json\/wp\/v2\/types\/page"}],"author":[{"embeddable":true,"href":"https:\/\/www.renakontakt.com\/ch\/wp-json\/wp\/v2\/users\/1"}],"replies":[{"embeddable":true,"href":"https:\/\/www.renakontakt.com\/ch\/wp-json\/wp\/v2\/comments?post=516"}],"version-history":[{"count":5,"href":"https:\/\/www.renakontakt.com\/ch\/wp-json\/wp\/v2\/pages\/516\/revisions"}],"predecessor-version":[{"id":611,"href":"https:\/\/www.renakontakt.com\/ch\/wp-json\/wp\/v2\/pages\/516\/revisions\/611"}],"up":[{"embeddable":true,"href":"https:\/\/www.renakontakt.com\/ch\/wp-json\/wp\/v2\/pages\/436"}],"wp:attachment":[{"href":"https:\/\/www.renakontakt.com\/ch\/wp-json\/wp\/v2\/media?parent=516"}],"curies":[{"name":"wp","href":"https:\/\/api.w.org\/{rel}","templated":true}]}}