{"id":520,"date":"2013-11-01T15:03:46","date_gmt":"2013-11-01T15:03:46","guid":{"rendered":"http:\/\/www.renakontakt.com\/de\/?page_id=520"},"modified":"2013-12-16T18:22:06","modified_gmt":"2013-12-16T18:22:06","slug":"warum-tschechische-frauen","status":"publish","type":"page","link":"https:\/\/www.renakontakt.com\/ch\/artikeln\/warum-tschechische-frauen\/","title":{"rendered":"Warum tschechische Frauen?"},"content":{"rendered":"<h1 style=\"text-align: center;\">Warum tschechische Frauen?<\/h1>\n<h2 style=\"text-align: center;\">Osteuropa Frauen \u2013 ideale Partnerinnen f\u00fcr deutsche M\u00e4nner. Weibliche Ausstrahlung der tschechischen Frauen.<\/h2>\n<h2>Warum Osteuropa Frauen?<\/h2>\n<p>Die tschechischen Frauen \u00a0und die Slowakischen Frauen sind durch ihre Attraktivit\u00e4t, Flei\u00df, Z\u00e4rtlichkeit, ihren Sinn f\u00fcr Romantik und positives Verh\u00e4ltnis zu den Kindern und dem Partner bekannt. Sie sind Tolerant, Intelligent und oft beherrschen auch einige Fremdsprachen, meistens Deutsch und Englisch. Die <strong>Osteuropa Frauen<\/strong> sind nicht so viel anspruchsvoll wie die westeurop\u00e4ischen Frauen. Falls Sie auf der Suche nach einer Dauerpartnerschaft, einer Lebenspartnerin oder der Ehe sind, dann sind sie bei unserer Agentur Rena \u2013 seri\u00f6se Partnervermittlung Osteuropa genau richtig, denn bei unserer Agentur finden sie die nettesten Frauen.<\/p>\n<h2>Gl\u00fcckliches Leben dank Agentur Rena<\/h2>\n<p>Viele westeurop\u00e4ische M\u00e4nner sind auf der suche nach einer dauerhaften Partnerschaft. Einige von Ihnen m\u00f6chten sogar eine <strong>Osteuropa Frau <\/strong>heiraten. Die tschechischen Frauen und die slowakischen Frauen unserer Agentur Rena \u2013seri\u00f6se Partnervermittlung Osteuropa sind ideale Partnerinnen und ideale zuk\u00fcnftige M\u00fctter f\u00fcr die anspruchsvolle deutsche M\u00e4nner. Die <strong>Osteuropa Frauen <\/strong>\u00a0sind meist gut erzogen und wollen ihren Mann verw\u00f6hnen und Lieben.<\/p>\n<h2>Wir vermitteln attraktive und Heiratswillige Osteuropa Frauen.<\/h2>\n<p>Wir m\u00f6chten, dass Sie Ihr Gl\u00fcck an der Seite einer Partnerin finden, die auch Sie lieben wird. Die Agentur Rena \u2013 seri\u00f6se Partnervermittlung Osteuropa ist eine exklusive, internationale Partnervermittlung f\u00fcr den anspruchsvollen Kunden mit Niveau, der eine gebildete <strong>Osteuropa Frau <\/strong>mit passenden Wertvorstellungen und Interessen sucht. Unsere Agentur Rena legt sehr viel Wert auf Seriosit\u00e4t. Wir nehmen nur Klienten auf, die ernsthaft auf einer Partnersuche sind und die Absicht verfolgen, \u00fcber die Agentur eine Ehe und Familie zu gr\u00fcnden. Bei unserer Agentur Rena \u2013 seri\u00f6se Partnervermittlung Osteuropa gibt es Frauen f\u00fcr alle deutsche M\u00e4nner, denn bei uns gibt es Osteuropa Frauen mit allen Bildungsstufen, anspruchslose Frauen aber auch repr\u00e4sentative Frauen. Alle unsere Frauen haben aber Eins gemeinsam, denn alle unsere Frauen besitzen eine nat\u00fcrliche Ausstrahlung.<\/p>\n<h1><\/h1>\n","protected":false},"excerpt":{"rendered":"<p>Warum tschechische Frauen? Osteuropa Frauen \u2013 ideale Partnerinnen f\u00fcr deutsche M\u00e4nner. Weibliche Ausstrahlung der tschechischen Frauen. Warum Osteuropa Frauen? Die tschechischen Frauen \u00a0und die Slowakischen Frauen sind durch ihre Attraktivit\u00e4t, Flei\u00df, Z\u00e4rtlichkeit, ihren Sinn f\u00fcr Romantik und positives Verh\u00e4ltnis zu<span class=\"ellipsis\">&hellip;<\/span> <a href=\"https:\/\/www.renakontakt.com\/ch\/artikeln\/warum-tschechische-frauen\/\"><\/p>\n<div class=\"see-more\">See more &#8250;<\/div>\n<p><!-- end of .see-more --><\/a><\/p>\n","protected":false},"author":1,"featured_media":0,"parent":436,"menu_order":0,"comment_status":"closed","ping_status":"closed","template":"content-full.php","meta":[],"_links":{"self":[{"href":"https:\/\/www.renakontakt.com\/ch\/wp-json\/wp\/v2\/pages\/520"}],"collection":[{"href":"https:\/\/www.renakontakt.com\/ch\/wp-json\/wp\/v2\/pages"}],"about":[{"href":"https:\/\/www.renakontakt.com\/ch\/wp-json\/wp\/v2\/types\/page"}],"author":[{"embeddable":true,"href":"https:\/\/www.renakontakt.com\/ch\/wp-json\/wp\/v2\/users\/1"}],"replies":[{"embeddable":true,"href":"https:\/\/www.renakontakt.com\/ch\/wp-json\/wp\/v2\/comments?post=520"}],"version-history":[{"count":4,"href":"https:\/\/www.renakontakt.com\/ch\/wp-json\/wp\/v2\/pages\/520\/revisions"}],"predecessor-version":[{"id":610,"href":"https:\/\/www.renakontakt.com\/ch\/wp-json\/wp\/v2\/pages\/520\/revisions\/610"}],"up":[{"embeddable":true,"href":"https:\/\/www.renakontakt.com\/ch\/wp-json\/wp\/v2\/pages\/436"}],"wp:attachment":[{"href":"https:\/\/www.renakontakt.com\/ch\/wp-json\/wp\/v2\/media?parent=520"}],"curies":[{"name":"wp","href":"https:\/\/api.w.org\/{rel}","templated":true}]}}