{"id":524,"date":"2013-11-01T15:08:05","date_gmt":"2013-11-01T15:08:05","guid":{"rendered":"http:\/\/www.renakontakt.com\/de\/?page_id=524"},"modified":"2013-12-16T18:21:36","modified_gmt":"2013-12-16T18:21:36","slug":"partnervermittlung-mit-garantie","status":"publish","type":"page","link":"https:\/\/www.renakontakt.com\/ch\/artikeln\/partnervermittlung-mit-garantie\/","title":{"rendered":"Partnervermittlung mit Garantie."},"content":{"rendered":"<h1 style=\"text-align: center;\">Partnervermittlung mit Garantie.<\/h1>\n<h2 style=\"text-align: center;\">H\u00fcbschen und Liebevollen osteurop\u00e4ischen Frauen. Sind Sie f\u00fcr die Liebe bereit?<\/h2>\n<h2>Seri\u00f6se Partnervermittlung dank der Agentur Rena<\/h2>\n<p>Sind Sie auf der Suche nach einer netten und liebevollen Partnerin? Dann sind Sie bei uns genau richtig. Denn bei unserer Agentur Rena \u2013 <strong>seri\u00f6se Partnervermittlung <\/strong>gibt es viele nette, liebevolle, h\u00fcbsche und flei\u00dfige Frauen, die eine <strong>seri\u00f6se Partnervermittlung <\/strong>oder Heiratsvermittlung suchen. Bei unserer Agentur Rena \u2013 <strong>seri\u00f6se Partnervermittlung <\/strong>wird auf Ihre Anonymit\u00e4t geachtet. Ihre Daten, die Sie uns bei der Anmeldung \u00fcbermitteln, sind bei uns ganz sicher und werden auf keinen Fall\u00a0 weiter \u00fcbermittelt.<\/p>\n<h2>Partnervermittlung mit Garantie<\/h2>\n<p>Bei unserer Agentur Rena \u2013 <strong>seri\u00f6se Partnervermittlung <\/strong>sind nur Osteuropa Frauen registriert, die eine ernsthafte Beziehung suchen. Alle Frauen unserer Agentur Rena kennen wir pers\u00f6nlich, daher k\u00f6nnen wir garantieren, dass Osteuropa Frauen, die bei uns registriert sind,\u00a0 Interesse haben, einen netten, liebevollen Partner zu finden und dass sie nicht nur aus materiellen Gr\u00fcnden bei uns registriert sind. Selbstverst\u00e4ndlich garantieren wir auch, dass alle Damen, die Sie von uns angeboten bekommen, auch tats\u00e4chlich existieren.<\/p>\n<h2>Erfolgreiche Partnersuche<\/h2>\n<p>Beinahe alle M\u00e4nner, die mithilfe unserer Agentur Rena \u2013 <strong>seri\u00f6se Partnervermittlung <\/strong>eine Partnerin gesucht haben, haben auch tats\u00e4chlich eine Partnerin gefunden. Und nicht nur das, die meisten von ihnen, haben sich in Ihre neue Partnerin auch wirklich verliebt a viele von Ihnen haben auch geheiratet. Kein wunder, denn die tschechischen Frauen geh\u00f6ren zu den h\u00fcbschesten und nettesten Frauen der Welt. Das Leben ist zu kurz, um auf eine Zufallsbegegnung zu warten. Dank unserer Agentur Rena \u2013 <strong>seri\u00f6se Partnervermittlung<\/strong> ist Ihr Liebesgl\u00fcck so gut wie sicher.<\/p>\n","protected":false},"excerpt":{"rendered":"<p>Partnervermittlung mit Garantie. H\u00fcbschen und Liebevollen osteurop\u00e4ischen Frauen. Sind Sie f\u00fcr die Liebe bereit? Seri\u00f6se Partnervermittlung dank der Agentur Rena Sind Sie auf der Suche nach einer netten und liebevollen Partnerin? Dann sind Sie bei uns genau richtig. Denn bei<span class=\"ellipsis\">&hellip;<\/span> <a href=\"https:\/\/www.renakontakt.com\/ch\/artikeln\/partnervermittlung-mit-garantie\/\"><\/p>\n<div class=\"see-more\">See more &#8250;<\/div>\n<p><!-- end of .see-more --><\/a><\/p>\n","protected":false},"author":1,"featured_media":0,"parent":436,"menu_order":0,"comment_status":"closed","ping_status":"closed","template":"content-full.php","meta":[],"_links":{"self":[{"href":"https:\/\/www.renakontakt.com\/ch\/wp-json\/wp\/v2\/pages\/524"}],"collection":[{"href":"https:\/\/www.renakontakt.com\/ch\/wp-json\/wp\/v2\/pages"}],"about":[{"href":"https:\/\/www.renakontakt.com\/ch\/wp-json\/wp\/v2\/types\/page"}],"author":[{"embeddable":true,"href":"https:\/\/www.renakontakt.com\/ch\/wp-json\/wp\/v2\/users\/1"}],"replies":[{"embeddable":true,"href":"https:\/\/www.renakontakt.com\/ch\/wp-json\/wp\/v2\/comments?post=524"}],"version-history":[{"count":4,"href":"https:\/\/www.renakontakt.com\/ch\/wp-json\/wp\/v2\/pages\/524\/revisions"}],"predecessor-version":[{"id":607,"href":"https:\/\/www.renakontakt.com\/ch\/wp-json\/wp\/v2\/pages\/524\/revisions\/607"}],"up":[{"embeddable":true,"href":"https:\/\/www.renakontakt.com\/ch\/wp-json\/wp\/v2\/pages\/436"}],"wp:attachment":[{"href":"https:\/\/www.renakontakt.com\/ch\/wp-json\/wp\/v2\/media?parent=524"}],"curies":[{"name":"wp","href":"https:\/\/api.w.org\/{rel}","templated":true}]}}