{"id":526,"date":"2013-11-01T15:10:03","date_gmt":"2013-11-01T15:10:03","guid":{"rendered":"http:\/\/www.renakontakt.com\/de\/?page_id=526"},"modified":"2013-12-16T18:22:06","modified_gmt":"2013-12-16T18:22:06","slug":"traumfrau-so-nah-wie-nie","status":"publish","type":"page","link":"https:\/\/www.renakontakt.com\/ch\/artikeln\/traumfrau-so-nah-wie-nie\/","title":{"rendered":"Traumfrau so nah wie nie."},"content":{"rendered":"<h1 style=\"text-align: center;\">Traumfrau so nah wie nie.<\/h1>\n<h2 style=\"text-align: center;\">Beste Chancen ein Liebesgl\u00fcck zu finden. Die h\u00fcbschesten tschechischen Frauen bei Agentur Rena.<\/h2>\n<h2>Einzigartigkeit unserer seri\u00f6sen Partnervermittlung Osteuropa<\/h2>\n<p>Die Art und unsere Denkweise basieren auf unseren akademischen, psychologischen, soziologischen und p\u00e4dagogischen Kompetenzen und ebenso auf unseren langj\u00e4hrigen Erfahrungen auf dem Feld der <strong>seri\u00f6sen Partnervermittlung Osteuropa. <\/strong>Da wir alle Osteuropa Frauen, die bei uns registriert sind, kennen, kann unser erfahrenes Team viel besser einsch\u00e4tzen, mit was f\u00fcr einem Mann eine konkrete Frau ein gl\u00fcckliches Paar bilden kann. Nicht nur deswegen gibt es bei unserer Agentur Rena so hohe Quote an seri\u00f6sen Partnervermittlungen. So eine komplexe Sache, wie eine Partnervermittlung oder Heiratsvermittlung ist, kann keine Software der Welt richtig machen. Die Personen m\u00fcssen n\u00e4mlich als ein Komplex angesehen werden und nicht die einzelnen Eigenschaften verglichen werden, wie es meistens von einer Software durchgef\u00fchrt wird.<\/p>\n<h2>H\u00fcbscheste Osteuropa Frauen bei Agentur Rena<\/h2>\n<p>Tschechische Frauen und slowakische Frauen geh\u00f6ren zu den h\u00fcbschesten Frauen der Welt. Die meisten von ihnen sind zur Bescheidenheit erzogen worden. Daher sind die meisten Frauen der Agentur Rena \u2013 <strong>seri\u00f6se Partnervermittlung Osteuropa<\/strong> kinder- und familienorientiert. Die tschechischen Frauen und slowakischen Frauen sind auch nicht so stark karrierenorientiert wie die deutschen Frauen. Deswegen haben M\u00e4nner, die eine nette, warmherzige und flei\u00dfige Partnerin, die zu Ihnen stehen wird, suchen und gleichzeitig eine Familie zu gr\u00fcnden planen,\u00a0 bei unserer Agentur Rena \u2013 <strong>seri\u00f6se Partnervermittlung Osteuropa<\/strong> viel gr\u00f6\u00dfere Chancen als im normalen Leben. Man braucht nur ein bisschen Mut dazu, das einfache, monotone und langweilige Single-Leben aufzugeben. Das Leben mit einer geliebten Partnerin ist doch viel sch\u00f6ner.<\/p>\n","protected":false},"excerpt":{"rendered":"<p>Traumfrau so nah wie nie. Beste Chancen ein Liebesgl\u00fcck zu finden. Die h\u00fcbschesten tschechischen Frauen bei Agentur Rena. Einzigartigkeit unserer seri\u00f6sen Partnervermittlung Osteuropa Die Art und unsere Denkweise basieren auf unseren akademischen, psychologischen, soziologischen und p\u00e4dagogischen Kompetenzen und ebenso auf<span class=\"ellipsis\">&hellip;<\/span> <a href=\"https:\/\/www.renakontakt.com\/ch\/artikeln\/traumfrau-so-nah-wie-nie\/\"><\/p>\n<div class=\"see-more\">See more &#8250;<\/div>\n<p><!-- end of .see-more --><\/a><\/p>\n","protected":false},"author":1,"featured_media":0,"parent":436,"menu_order":0,"comment_status":"closed","ping_status":"closed","template":"content-full.php","meta":[],"_links":{"self":[{"href":"https:\/\/www.renakontakt.com\/ch\/wp-json\/wp\/v2\/pages\/526"}],"collection":[{"href":"https:\/\/www.renakontakt.com\/ch\/wp-json\/wp\/v2\/pages"}],"about":[{"href":"https:\/\/www.renakontakt.com\/ch\/wp-json\/wp\/v2\/types\/page"}],"author":[{"embeddable":true,"href":"https:\/\/www.renakontakt.com\/ch\/wp-json\/wp\/v2\/users\/1"}],"replies":[{"embeddable":true,"href":"https:\/\/www.renakontakt.com\/ch\/wp-json\/wp\/v2\/comments?post=526"}],"version-history":[{"count":4,"href":"https:\/\/www.renakontakt.com\/ch\/wp-json\/wp\/v2\/pages\/526\/revisions"}],"predecessor-version":[{"id":613,"href":"https:\/\/www.renakontakt.com\/ch\/wp-json\/wp\/v2\/pages\/526\/revisions\/613"}],"up":[{"embeddable":true,"href":"https:\/\/www.renakontakt.com\/ch\/wp-json\/wp\/v2\/pages\/436"}],"wp:attachment":[{"href":"https:\/\/www.renakontakt.com\/ch\/wp-json\/wp\/v2\/media?parent=526"}],"curies":[{"name":"wp","href":"https:\/\/api.w.org\/{rel}","templated":true}]}}