{"id":529,"date":"2013-11-01T15:12:55","date_gmt":"2013-11-01T15:12:55","guid":{"rendered":"http:\/\/www.renakontakt.com\/de\/?page_id=529"},"modified":"2013-12-16T18:22:06","modified_gmt":"2013-12-16T18:22:06","slug":"tschechische-frau-die-idealfrau","status":"publish","type":"page","link":"https:\/\/www.renakontakt.com\/ch\/artikeln\/tschechische-frau-die-idealfrau\/","title":{"rendered":"Tschechische Frau \u2013 die Idealfrau"},"content":{"rendered":"<h1 style=\"text-align: center;\">Tschechische Frau \u2013 die Idealfrau<\/h1>\n<h2 style=\"text-align: center;\">Verlieben Sie sich im Internet. Die Partnersuche im Internet. Die Heiratsvermittlung im Internet.<\/h2>\n<h2>Tschechische Traumfrau \u2013 deutscher Traummann<\/h2>\n<p>Es gibt sehr viele <strong>tschechische Frauen<\/strong>, die ihre gro\u00dfe Liebe immer noch nicht gefunden haben. Bei den deutschen M\u00e4nnern sind die <strong>tschechischen Frauen <\/strong>sehr gefragt, denn die <strong>tschechischen Frauen<\/strong> haben eine faszinierende und weibliche Ausstrahlung und bei einer Partnervermittlung Osteuropa ist es von Vorteil f\u00fcr die <strong>tschechischen Frauen <\/strong>\u00a0und slowakischen Frauen, dass die beiden L\u00e4nder \u2013 Tschechien und auch die Slowakei nah sind\u00a0 und auch nicht so gro\u00df wie z. B. Russland oder Polen sind.<\/p>\n<h2>Verlieben Sie sich im Internet dank Agentur Rena<\/h2>\n<p>Das Internet ist mittlerweile kein au\u00dfergew\u00f6hnliches Medium mehr, es hat sich nahezu bei allen Bev\u00f6lkerungsschichten durchgesetzt und beg\u00fcnstigt somit auch die Kontaktaufnahme zum anderen Geschlecht. Bei einer Partnervermittlung im Internet profitiert man insbesondere aus einer ortsunabh\u00e4ngigen Partnersuche \u2013 man ist nicht nur auf das Umfeld, in dem sich bewegt, gebunden. Man profitiert aus einer Gro\u00dfzahl von Gleichgesinnten und vor allem aus der schnellen und einfachen Suche und Kontaktaufnahme dank der Anonymit\u00e4t. Diese Vorteile finden Sie selbstverst\u00e4ndlich auch bei unserer Agentur Rena \u2013 seri\u00f6se Partnervermittlung Osteuropa, denn bei uns gibt es viele <strong>tschechische Frauen <\/strong>und slowakische Frauen die auf der Suche nach einer Partnervermittlung oder Heiratsvermittlung sind.<\/p>\n<h2>Tschechische Frauen bei Agentur Rena<\/h2>\n<p>Alle <strong>tschechische Frauen<\/strong>, die bei der Agentur Rena \u2013 seri\u00f6se Partnervermittlung Osteuropa angemeldet sind, kennen wir pers\u00f6nlich. Daher k\u00f6nnen wir garantieren, dass sie bei uns nicht aus materiellen Gr\u00fcnden angemeldet sind. Die meisten <strong>tschechischen Frauen<\/strong> der Agentur Rena haben einen anst\u00e4ndigen Arbeitsplatz und gutes soziales Umfeld in Tschechien. Was sie aber nicht haben ist ein Partner, der sie liebt. Aus diesen Gr\u00fcnden sind wir uns sicher, dass die <strong>tschechische Frauen<\/strong> der Agentur Rena \u2013 seri\u00f6se Partnervermittlung Osteuropa lediglich auf der suche nach dem Gl\u00fcck sind.<\/p>\n","protected":false},"excerpt":{"rendered":"<p>Tschechische Frau \u2013 die Idealfrau Verlieben Sie sich im Internet. Die Partnersuche im Internet. Die Heiratsvermittlung im Internet. Tschechische Traumfrau \u2013 deutscher Traummann Es gibt sehr viele tschechische Frauen, die ihre gro\u00dfe Liebe immer noch nicht gefunden haben. Bei den<span class=\"ellipsis\">&hellip;<\/span> <a href=\"https:\/\/www.renakontakt.com\/ch\/artikeln\/tschechische-frau-die-idealfrau\/\"><\/p>\n<div class=\"see-more\">See more &#8250;<\/div>\n<p><!-- end of .see-more --><\/a><\/p>\n","protected":false},"author":1,"featured_media":0,"parent":436,"menu_order":0,"comment_status":"closed","ping_status":"closed","template":"content-full.php","meta":[],"_links":{"self":[{"href":"https:\/\/www.renakontakt.com\/ch\/wp-json\/wp\/v2\/pages\/529"}],"collection":[{"href":"https:\/\/www.renakontakt.com\/ch\/wp-json\/wp\/v2\/pages"}],"about":[{"href":"https:\/\/www.renakontakt.com\/ch\/wp-json\/wp\/v2\/types\/page"}],"author":[{"embeddable":true,"href":"https:\/\/www.renakontakt.com\/ch\/wp-json\/wp\/v2\/users\/1"}],"replies":[{"embeddable":true,"href":"https:\/\/www.renakontakt.com\/ch\/wp-json\/wp\/v2\/comments?post=529"}],"version-history":[{"count":4,"href":"https:\/\/www.renakontakt.com\/ch\/wp-json\/wp\/v2\/pages\/529\/revisions"}],"predecessor-version":[{"id":608,"href":"https:\/\/www.renakontakt.com\/ch\/wp-json\/wp\/v2\/pages\/529\/revisions\/608"}],"up":[{"embeddable":true,"href":"https:\/\/www.renakontakt.com\/ch\/wp-json\/wp\/v2\/pages\/436"}],"wp:attachment":[{"href":"https:\/\/www.renakontakt.com\/ch\/wp-json\/wp\/v2\/media?parent=529"}],"curies":[{"name":"wp","href":"https:\/\/api.w.org\/{rel}","templated":true}]}}