{"id":79,"date":"2012-11-22T13:37:28","date_gmt":"2012-11-22T13:37:28","guid":{"rendered":"http:\/\/renakontakt.com\/wp\/?page_id=79"},"modified":"2013-01-12T10:26:29","modified_gmt":"2013-01-12T10:26:29","slug":"datenschutzhinweis","status":"publish","type":"page","link":"https:\/\/www.renakontakt.com\/ch\/datenschutzhinweis\/","title":{"rendered":"Datenschutzhinweis"},"content":{"rendered":"<p style=\"text-align: center;\">Ihre personenbezogenen Daten werden bei uns vertraulich behandelt. Ihre pers\u00f6nlichen Daten, die Sie uns im Rahmen einer Kontaktaufnahme zur Verf\u00fcgung stellen, werden bei uns gespeichert und im Rahmen der Kontaktaufnahme verarbeitet.<\/p>\n<p style=\"text-align: center;\"><strong>Wir nutzen Ihre Daten f\u00fcr eigene Zwecke, geben diese jedoch NICHT an Dritte weiter.<\/strong><\/p>\n<p style=\"text-align: center;\">Ver\u00e4nderungen unseres Gesch\u00e4ftes sowie Gesetzes\u00e4nderungen k\u00f6nnen unsere Datenschutzbedingungen beeinflussen. Diese werden wir entsprechend aktualisieren und an dieser Stelle ver\u00f6ffentlichen.<\/p>\n","protected":false},"excerpt":{"rendered":"<p>Ihre personenbezogenen Daten werden bei uns vertraulich behandelt. Ihre pers\u00f6nlichen Daten, die Sie uns im Rahmen einer Kontaktaufnahme zur Verf\u00fcgung stellen, werden bei uns gespeichert und im Rahmen der Kontaktaufnahme verarbeitet. Wir nutzen Ihre Daten f\u00fcr eigene Zwecke, geben diese<span class=\"ellipsis\">&hellip;<\/span> <a href=\"https:\/\/www.renakontakt.com\/ch\/datenschutzhinweis\/\"><\/p>\n<div class=\"see-more\">See more &#8250;<\/div>\n<p><!-- end of .see-more --><\/a><\/p>\n","protected":false},"author":1,"featured_media":0,"parent":0,"menu_order":8,"comment_status":"closed","ping_status":"closed","template":"content-full.php","meta":[],"_links":{"self":[{"href":"https:\/\/www.renakontakt.com\/ch\/wp-json\/wp\/v2\/pages\/79"}],"collection":[{"href":"https:\/\/www.renakontakt.com\/ch\/wp-json\/wp\/v2\/pages"}],"about":[{"href":"https:\/\/www.renakontakt.com\/ch\/wp-json\/wp\/v2\/types\/page"}],"author":[{"embeddable":true,"href":"https:\/\/www.renakontakt.com\/ch\/wp-json\/wp\/v2\/users\/1"}],"replies":[{"embeddable":true,"href":"https:\/\/www.renakontakt.com\/ch\/wp-json\/wp\/v2\/comments?post=79"}],"version-history":[{"count":9,"href":"https:\/\/www.renakontakt.com\/ch\/wp-json\/wp\/v2\/pages\/79\/revisions"}],"predecessor-version":[{"id":250,"href":"https:\/\/www.renakontakt.com\/ch\/wp-json\/wp\/v2\/pages\/79\/revisions\/250"}],"wp:attachment":[{"href":"https:\/\/www.renakontakt.com\/ch\/wp-json\/wp\/v2\/media?parent=79"}],"curies":[{"name":"wp","href":"https:\/\/api.w.org\/{rel}","templated":true}]}}