{"id":363,"date":"2013-03-11T13:52:33","date_gmt":"2013-03-11T13:52:33","guid":{"rendered":"http:\/\/renakontakt.com\/de\/?page_id=363"},"modified":"2020-01-31T14:30:20","modified_gmt":"2020-01-31T14:30:20","slug":"wie-funktioniert-es","status":"publish","type":"page","link":"https:\/\/www.renakontakt.com\/de\/de-uber-die-agentur\/wie-funktioniert-es\/","title":{"rendered":"Wie funktioniert es"},"content":{"rendered":"<p><strong>Anleitung f\u00fcr Schnellentschlossene<\/strong><\/p>\n<p>Sie erhalten laufend die neusten, auf Sie abgestimmten Vorschl\u00e4ge, solange bis Ihr ABO ausl\u00e4uft oder Sie jemanden in dieser Zeit gefunden haben.<\/p>\n<p>Da ich die Frauen vorg\u00e4ngig \u00fcber den interessierten Partner informiere, erhalten Sie nur Adressen von Frauen, die Ihre Kontaktaufnahme ernsthaft w\u00fcnschen.<br \/>\n<strong>Was muss ich tun?<\/strong><\/p>\n<p>Zuerst bitte ich Sie mir Ihre Vorstellungen \u00fcber Ihre Wunschpartnerin mitzuteilen (z.B. Alter, Aussehen, Bildung, mit oder ohne Kinder usw.).\u00a0Dazu finden sie den <a href=\"http:\/\/www.renakontakt.com\/de\/fragebogen\/\">Fragebogen<\/a> den Sie bitte ausf\u00fcllen m\u00f6chten.<\/p>\n<p><strong>Und wichtig<\/strong><\/p>\n<p>Vorab ist allerdings der vereinbarte Betrag auf mein Konto:<\/p>\n<p>Komercni Banka Praha 1 &#8211; Konto Nr. 3441900227 0100 IBAN: CZ66 0100 0000 0034 4190 0227, BIC (SWIFT): KOMBCZPP<\/p>\n<p>Zu \u00fcberweisen. Erst dann erhalten Sie die Adressen der von Ihnen gew\u00fcnschten Frauen.<br \/>\nBitte schicken Sie mir den Empfangsschein zu damit es schneller geht.<br \/>\nIch w\u00fcrde mich sehr freuen, wenn mein Angebot f\u00fcr Sie annehmbar w\u00e4re und ich erwarte gerne Ihre Antwort.<\/p>\n","protected":false},"excerpt":{"rendered":"<p>Anleitung f\u00fcr Schnellentschlossene Sie erhalten laufend die neusten, auf Sie abgestimmten Vorschl\u00e4ge, solange bis Ihr ABO ausl\u00e4uft oder Sie jemanden in dieser Zeit gefunden haben. Da ich die Frauen vorg\u00e4ngig \u00fcber den interessierten Partner informiere, erhalten Sie nur Adressen von<span class=\"ellipsis\">&hellip;<\/span> <a href=\"https:\/\/www.renakontakt.com\/de\/de-uber-die-agentur\/wie-funktioniert-es\/\"><\/p>\n<div class=\"see-more\">See more &#8250;<\/div>\n<p><!-- end of .see-more --><\/a><\/p>\n","protected":false},"author":1,"featured_media":0,"parent":2,"menu_order":0,"comment_status":"closed","ping_status":"closed","template":"content-full.php","meta":[],"_links":{"self":[{"href":"https:\/\/www.renakontakt.com\/de\/wp-json\/wp\/v2\/pages\/363"}],"collection":[{"href":"https:\/\/www.renakontakt.com\/de\/wp-json\/wp\/v2\/pages"}],"about":[{"href":"https:\/\/www.renakontakt.com\/de\/wp-json\/wp\/v2\/types\/page"}],"author":[{"embeddable":true,"href":"https:\/\/www.renakontakt.com\/de\/wp-json\/wp\/v2\/users\/1"}],"replies":[{"embeddable":true,"href":"https:\/\/www.renakontakt.com\/de\/wp-json\/wp\/v2\/comments?post=363"}],"version-history":[{"count":17,"href":"https:\/\/www.renakontakt.com\/de\/wp-json\/wp\/v2\/pages\/363\/revisions"}],"predecessor-version":[{"id":1117,"href":"https:\/\/www.renakontakt.com\/de\/wp-json\/wp\/v2\/pages\/363\/revisions\/1117"}],"up":[{"embeddable":true,"href":"https:\/\/www.renakontakt.com\/de\/wp-json\/wp\/v2\/pages\/2"}],"wp:attachment":[{"href":"https:\/\/www.renakontakt.com\/de\/wp-json\/wp\/v2\/media?parent=363"}],"curies":[{"name":"wp","href":"https:\/\/api.w.org\/{rel}","templated":true}]}}