{"id":38,"date":"2012-11-22T13:07:42","date_gmt":"2012-11-22T13:07:42","guid":{"rendered":"http:\/\/renakontakt.com\/wp\/?page_id=38"},"modified":"2014-06-04T13:41:40","modified_gmt":"2014-06-04T13:41:40","slug":"f-a-q","status":"publish","type":"page","link":"https:\/\/www.renakontakt.com\/de\/f-a-q\/","title":{"rendered":"F.A.Q."},"content":{"rendered":"<p style=\"text-align: center;\"><strong><em>Allgemeine Fragen zum Vermittlungsablauf:<\/em><\/strong><\/p>\n<h3 style=\"text-align: center;\"><strong>Wie weiss ich, dass die von mir favorisierten Damen mich auch\u00a0<\/strong>kennen lernen wollen?<\/h3>\n<p style=\"text-align: center;\">Die von Ihnen bevorzugten Damen werden von mir kontaktiert und erhalten<\/p>\n<p style=\"text-align: center;\">Ihren Daten mit einem Foto. Eine positive Antwort einer<\/p>\n<p style=\"text-align: center;\">angefragten Frau bedeutet somit grosses Interesse Ihre Bekanntschaft zu<\/p>\n<p style=\"text-align: center;\">machen.<\/p>\n<p style=\"text-align: center;\">Sie werden aber in jedem Fall \u00fcber positive oder negative<\/p>\n<p style=\"text-align: center;\">Reaktionen von mir informiert.<\/p>\n<hr \/>\n<h3 style=\"text-align: center;\"><strong>Wenn ich Ihre Dienstleistung in Anspruch nehme, wie viele passende Vorschl\u00e4ge bekomme ich?<\/strong><\/h3>\n<p style=\"text-align: center;\">\u00a0<span style=\"font-size: 13px;\">\u00a0Je nach Bedarf erhalten Sie 2-3 Vorschl\u00e4ge. Manchmal gen\u00fcgt dies, manchmal sind es auch 6-7 Kontakte. Und zwar solange wie Ihr Abo l\u00e4uft.<\/span><\/p>\n<hr \/>\n<h3 style=\"text-align: center;\"><strong>In welchem Zeitabstand erhalte ich Vorschl\u00e4ge von Ihnen?<\/strong><\/h3>\n<p style=\"text-align: center;\">Wenn Sie neue Vorschl\u00e4ge w\u00fcnschen, gen\u00fcgt eine kurze Mitteilung an mich und Sie erhalten mehrere neue, aktuelle Vorschl\u00e4ge von mir. Allerdings nur solange Ihr Abo l\u00e4uft.\u00a0<span style=\"font-size: medium;\">Bei Diamant solange bis zum gew\u00fcnschten Erfolg.<\/span><\/p>\n<hr \/>\n<h3 style=\"text-align: center;\"><strong>Wie wird der Kontakt hergestellt &#8211; bekomme ich die Adresse, der Damen oder stellen Sie den Kontakt pers\u00f6nlich her?<\/strong><\/h3>\n<p style=\"text-align: center;\">Bei Zustimmung der Frauen erhalten Sie von mir: Telefon Nr. (Postadresse), wenn vorhanden auch E Mailadresse der kontaktierten Personen. Die Kontaktaufnahme machen Sie selber.<\/p>\n<hr \/>\n<h3 style=\"text-align: center;\"><strong><strong>Kann ein Vertrag verl\u00e4ngert werden ?<\/strong><\/strong><\/h3>\n<p style=\"text-align: center;\">Nein, die Vertr\u00e4ge sind nach der abgemachten Zeitperiode beendet und k\u00f6nnen nicht verl\u00e4ngert werden.<\/p>\n<p style=\"text-align: center;\" dir=\"ltr\">Grund: L\u00e4ngerfristige Vertr\u00e4ge sind bewusst pro Rata billiger und bieten mehr Optionen.<\/p>\n<p style=\"text-align: center;\">Bestehende Kunden k\u00f6nnen ein neuen Vertrag mit 10 % Rabatt auf dem Normalpreis abschliessen.<\/p>\n<hr \/>\n<h3 style=\"text-align: center;\">Wo findet das erste Treffen statt?<\/h3>\n<p style=\"text-align: center;\">Im Normalfall im Heimatland der Frauen. Vorteil: Es k\u00f6nnen unter Umst\u00e4nden mehrere Treffen organisiert werden. Viele Frauen reisen, auf Einladung hin, auch gerne nach Deutschland, oder \u00d6sterreich, eventuell nach Schweiz.<\/p>\n<div style=\"text-align: center;\" align=\"center\">\n<hr align=\"center\" size=\"2\" width=\"100%\" \/>\n<\/div>\n<h3 style=\"text-align: center;\">Warum suchen Tschechinnen ihren Partner in das \u00d6sterreich oder Deutschland?<\/h3>\n<h3 style=\"text-align: center;\"><\/h3>\n<p style=\"text-align: center;\">Viele haben mit tschechischen M\u00e4nnern Entt\u00e4uschungen erlebt oder haben wenig M\u00f6glichkeiten jemanden kennen zu lernen.<\/p>\n<hr \/>\n<h3 style=\"text-align: center;\"><\/h3>\n<h3 style=\"text-align: center;\">Wollen die Frauen aus Osteuropa aus finanziellen Gr\u00fcnden nach Austria, oder Deutschland?<\/h3>\n<p style=\"text-align: center;\"><strong>Nein<\/strong>.<\/p>\n<p style=\"text-align: center;\">Viele unserer Klientinnen sind Akademikerinnen, bei denen die finanzielle Sicherheit, die ihnen ein Mann bieten kann, zweitrangig ist.<\/p>\n<p style=\"text-align: center;\">Bei diesen Frauen stehen Ehe und Familie an erster Stelle und hat f\u00fcr sie eine weit h\u00f6here Bedeutung als bei vielen westlichen, sehr emanzipierten Frauen. Finanzielle Aspekte stehen hinter diesen Werten weit zur\u00fcck.<\/p>\n<p style=\"text-align: center;\">Viele unserer Klientinnen\u00a0\u00a0hatten schon einmal die Gelegenheit Schweiz\u00a0zu besuchen und sind von dem Land, den Menschen und der Mentalit\u00e4t so begeistert, dass sie gern hier leben und auch einen Schweizer Partner haben m\u00f6chten.<\/p>\n<hr \/>\n<h3 style=\"text-align: center;\">K\u00f6nnen Sie Erfolg garantieren?<\/h3>\n<p style=\"text-align: center;\">Ein Erfolgsversprechen kann ich nicht abgeben, aber f\u00fcr meine gute, seri\u00f6se und zuverl\u00e4ssige Arbeit kann ich garantieren. Manchmal spielt halt auch die Gl\u00fccksfee eine entscheidende Rolle.<\/p>\n<div style=\"text-align: center;\" align=\"center\">\n<hr align=\"center\" size=\"2\" width=\"100%\" \/>\n<\/div>\n<h3 style=\"text-align: center;\">Existieren die vorgeschlagenen Damen \u00fcberhaupt?<\/h3>\n<p style=\"text-align: center;\">Wenn ich Phantom-Frauen vorschlagen w\u00fcrde, k\u00f6nnte ich bestimmt nicht seit 1995\u00a0erfolgreich in der Schweiz arbeiten.<\/p>\n","protected":false},"excerpt":{"rendered":"<p>Allgemeine Fragen zum Vermittlungsablauf: Wie weiss ich, dass die von mir favorisierten Damen mich auch\u00a0kennen lernen wollen? Die von Ihnen bevorzugten Damen werden von mir kontaktiert und erhalten Ihren Daten mit einem Foto. Eine positive Antwort einer angefragten Frau bedeutet<span class=\"ellipsis\">&hellip;<\/span> <a href=\"https:\/\/www.renakontakt.com\/de\/f-a-q\/\"><\/p>\n<div class=\"see-more\">See more &#8250;<\/div>\n<p><!-- end of .see-more --><\/a><\/p>\n","protected":false},"author":1,"featured_media":0,"parent":0,"menu_order":4,"comment_status":"closed","ping_status":"open","template":"content-full.php","meta":[],"_links":{"self":[{"href":"https:\/\/www.renakontakt.com\/de\/wp-json\/wp\/v2\/pages\/38"}],"collection":[{"href":"https:\/\/www.renakontakt.com\/de\/wp-json\/wp\/v2\/pages"}],"about":[{"href":"https:\/\/www.renakontakt.com\/de\/wp-json\/wp\/v2\/types\/page"}],"author":[{"embeddable":true,"href":"https:\/\/www.renakontakt.com\/de\/wp-json\/wp\/v2\/users\/1"}],"replies":[{"embeddable":true,"href":"https:\/\/www.renakontakt.com\/de\/wp-json\/wp\/v2\/comments?post=38"}],"version-history":[{"count":15,"href":"https:\/\/www.renakontakt.com\/de\/wp-json\/wp\/v2\/pages\/38\/revisions"}],"predecessor-version":[{"id":91,"href":"https:\/\/www.renakontakt.com\/de\/wp-json\/wp\/v2\/pages\/38\/revisions\/91"}],"wp:attachment":[{"href":"https:\/\/www.renakontakt.com\/de\/wp-json\/wp\/v2\/media?parent=38"}],"curies":[{"name":"wp","href":"https:\/\/api.w.org\/{rel}","templated":true}]}}