{"id":448,"date":"2013-05-28T19:17:56","date_gmt":"2013-05-28T19:17:56","guid":{"rendered":"http:\/\/www.renakontakt.com\/de\/?page_id=448"},"modified":"2013-12-16T18:22:06","modified_gmt":"2013-12-16T18:22:06","slug":"warmherzige-tschechische-frauen-wunderbare-zukunft-mit-osteuropaischen-frauen","status":"publish","type":"page","link":"https:\/\/www.renakontakt.com\/de\/artikeln\/warmherzige-tschechische-frauen\/","title":{"rendered":"Warmherzige tschechische Frauen."},"content":{"rendered":"<h1 style=\"text-align: center;\">Warmherzige tschechische Frauen. Wunderbare Zukunft mit osteurop\u00e4ischen Frauen.<\/h1>\n<h2 style=\"text-align: center;\"><em>Zukunft mit tschechischen Frauen. Bei uns finden sie Ihre Traumfrau.\u00a0<\/em><\/h2>\n<h2>Heiratsvermittlung in Tschechien<\/h2>\n<p>Es gibt schon viele M\u00e4nner, die ihre Gl\u00fcck dank unserer <strong>Heiratsvermittlung<\/strong> gefunden haben. Vielen Menschen gibt die <span style=\"text-decoration: underline;\">Heiratsvermittlung Osteuropa<\/span> eine sehr gute Chance junge, nette und fr\u00f6hliche Frauen kennenzulernen, die sie sicher lieben und sch\u00e4tzen werden, mit denen sie gro\u00dfartige Zeit verbringen und mit denen sie Familie gr\u00fcnden k\u00f6nnen.<\/p>\n<h2>Die tschechischen Frauen<\/h2>\n<p>Die meisten tschechischen Frauen der <span style=\"text-decoration: underline;\">Heiratsvermittlung Osteuropa<\/span> sind sehr romantisch und warmherzig. Die meisten tschechischen Frauen suchen eine langfristige und warmherzige Beziehung und einen Partner, der der Familienoberhaupt, ein interessierter Ehemann und der Vater von ihren Kinder wird. Die meisten Frauen unserer <strong>Heiratsvermittlung <\/strong>pr\u00e4ferieren Treue, Ehrlichkeit und gegenseitiges Verst\u00e4ndnis vor dem Aussehen.<\/p>\n<h2>Sind sie sch\u00fcchtern?<\/h2>\n<p>Unsere <strong>Heiratsvermittlung <\/strong>hilft jedem, Ihre Traumfrau zu finden. Um ein Kontakt mit den Frauen unserer <span style=\"text-decoration: underline;\">Heiratsvermittlung Osteuropa<\/span> aufnehmen zu k\u00f6nnen, m\u00fcssen Sie nicht reich oder gleichen Alters sein, oder das Aussehen eines Hollywoodschauspielers haben. Ehrlichkeit, gute Umgangsformen, Z\u00e4rtlichkeit und Treue sind die Eigenschaften, die die Frauen unserer <strong>Heiratsvermittlung <\/strong>am meisten suchen. Z\u00f6gern Sie nicht Ihre Traumfrau auszusuchen und kontaktieren Sie sie mithilfe unserer <strong>Heiratsvermittlung, <\/strong>damit auch Sie bald gemeinsame Aktivit\u00e4ten unternehmen k\u00f6nnen.<\/p>\n<h2>Wunderbare Zukunft<\/h2>\n<p>Viele M\u00e4nner k\u00f6nnen sich gar nicht vorstellen, was f\u00fcr wunderbare Zeiten man mit Frauen, die man durch unsere <strong>Heiratsvermittlung <\/strong>kennenlernt, erleben kann. Denn bei der <span style=\"text-decoration: underline;\">Heiratsvermittlung Osteuropa<\/span> kann man Frauen kennenlernen, mit denen man viel unternehmen kann. Bei sch\u00f6nem Wetter kann man gemeinsam Fahrrad fahren, wandern oder zum Beispiel\u00a0schwimmen gehen. Es gibt aber auch gemeinsame Aktivit\u00e4ten, die man auch bei schlechtem Wetter unternehmen kann. Kaum ein Single kann sich vorstellen, wie wunderbar ein gemeinsamer Kino- oder auch Fernsehabend sein kann. Und gerade solche gemeinsame Momente macht unsere <strong>Heiratsvermittlung<\/strong> m\u00f6glich.<\/p>\n","protected":false},"excerpt":{"rendered":"<p>Warmherzige tschechische Frauen. Wunderbare Zukunft mit osteurop\u00e4ischen Frauen. Zukunft mit tschechischen Frauen. Bei uns finden sie Ihre Traumfrau.\u00a0 Heiratsvermittlung in Tschechien Es gibt schon viele M\u00e4nner, die ihre Gl\u00fcck dank unserer Heiratsvermittlung gefunden haben. Vielen Menschen gibt die Heiratsvermittlung Osteuropa<span class=\"ellipsis\">&hellip;<\/span> <a href=\"https:\/\/www.renakontakt.com\/de\/artikeln\/warmherzige-tschechische-frauen\/\"><\/p>\n<div class=\"see-more\">See more &#8250;<\/div>\n<p><!-- end of .see-more --><\/a><\/p>\n","protected":false},"author":1,"featured_media":0,"parent":436,"menu_order":0,"comment_status":"closed","ping_status":"closed","template":"content-full.php","meta":[],"_links":{"self":[{"href":"https:\/\/www.renakontakt.com\/de\/wp-json\/wp\/v2\/pages\/448"}],"collection":[{"href":"https:\/\/www.renakontakt.com\/de\/wp-json\/wp\/v2\/pages"}],"about":[{"href":"https:\/\/www.renakontakt.com\/de\/wp-json\/wp\/v2\/types\/page"}],"author":[{"embeddable":true,"href":"https:\/\/www.renakontakt.com\/de\/wp-json\/wp\/v2\/users\/1"}],"replies":[{"embeddable":true,"href":"https:\/\/www.renakontakt.com\/de\/wp-json\/wp\/v2\/comments?post=448"}],"version-history":[{"count":6,"href":"https:\/\/www.renakontakt.com\/de\/wp-json\/wp\/v2\/pages\/448\/revisions"}],"predecessor-version":[{"id":609,"href":"https:\/\/www.renakontakt.com\/de\/wp-json\/wp\/v2\/pages\/448\/revisions\/609"}],"up":[{"embeddable":true,"href":"https:\/\/www.renakontakt.com\/de\/wp-json\/wp\/v2\/pages\/436"}],"wp:attachment":[{"href":"https:\/\/www.renakontakt.com\/de\/wp-json\/wp\/v2\/media?parent=448"}],"curies":[{"name":"wp","href":"https:\/\/api.w.org\/{rel}","templated":true}]}}