{"id":467,"date":"2013-05-28T19:33:30","date_gmt":"2013-05-28T19:33:30","guid":{"rendered":"http:\/\/www.renakontakt.com\/de\/?page_id=467"},"modified":"2013-12-16T18:21:36","modified_gmt":"2013-12-16T18:21:36","slug":"lebenspartnersuche","status":"publish","type":"page","link":"https:\/\/www.renakontakt.com\/de\/artikeln\/lebenspartnersuche\/","title":{"rendered":"Lebenspartnersuche"},"content":{"rendered":"<h1 style=\"text-align: center;\">Lebenspartnersuche<\/h1>\n<h2 style=\"text-align: center;\"><em>Erstes Treffen mit einer tschechischen Traumfrau. Deutsche und tschechische Kulturunterschiede.\u00a0<\/em><\/h2>\n<h2>Attraktive Tschechinnen suchen Lebenspartner.<\/h2>\n<p>Seit knapp zwanzig Jahren <strong>vermitteln<\/strong> wir <strong>Frauen aus Osteuropa. <\/strong>Dank unserer Agentur der <span style=\"text-decoration: underline;\">osteurop\u00e4ischen Partnervermittlung<\/span> haben viele M\u00e4nner aus deutschsprachigen L\u00e4ndern ihr Gl\u00fcck bei den tschechischen und slowakischen Frauen gefunden. Bei der <span style=\"text-decoration: underline;\">Partnervermittlung<\/span> werden Sie von unserer Agentur vor Ort in Wien, Norddeutschland, Z\u00fcrich und in Prag pers\u00f6nlich betreut.<\/p>\n<h2>Das Leben der tschechischen Frauen<\/h2>\n<p>Die tschechischen Br\u00e4uche und Sitten sind den aus den deutschsprachigen L\u00e4ndern sehr \u00e4hnlich, was beim <strong>Vermitteln der Frauen aus Osteuropa <\/strong>von gro\u00dfer Bedeutung ist. Dank den \u00e4hnlichen Br\u00e4uchen und Sitten kommt es bei den Partnern zu keinen b\u00f6sen \u00dcberraschungen. Auch die tschechische Kultur ist der Kultur der deutschsprachigen L\u00e4nder sehr nah. Daher kommt es zu keinen Kommunikationsschwierigkeiten zwischen den deutschen Partnern und den <span style=\"text-decoration: underline;\">vermittelten Frauen aus Osteuropa.<\/span> Die N\u00e4he der Kulturen ist ebenfalls ein von mehreren Gr\u00fcnden, warum die tschechischen Frauen Ihre <span style=\"text-decoration: underline;\">Partnersuche<\/span> in die Richtung der deutschsprachigen L\u00e4nder orientieren.<\/p>\n<h2>Unsere Philosophie<\/h2>\n<p>Wir m\u00f6chten Sie ehrlich und offen bei der Partnetvermittlung helfen sich bestm\u00f6glichst zu pr\u00e4sentieren.<\/p>\n<p>Wenn Sie es w\u00fcnschen sind wir auch bereit Sie bei Ihre Kontakte zu begleiten und zu unterst\u00fctzen.\u00a0 \u00a0Diese Prinzipien sindf\u00fcr uns von gro\u00dfer Bedeutung. Bei uns m\u00fcssen Sie keine Angst haben. Bei uns f\u00fchlen Sie sich ganz sicher, denn bei uns bekommen Sie bei dem <strong>Vermitteln der Frauen aus Osteuropa<\/strong> volle Unterst\u00fctzung. Wir k\u00f6nnen Sie bei Ihrem ersten Treffen mit Ihrer Traumfrau auch begleiten, z. B. wenn sie sich mit den Sprachkenntnissen Ihrer neuen Partnerin nicht sicher w\u00e4ren, damit es zu keiner unangenehmen Situation kommt, oder k\u00f6nnen wir die komplette Reise ins Heimatland Ihrer Traumfrau organisieren.<\/p>\n<h2>Die deutsch-tschechische Partnerschaft<\/h2>\n<p>Die deutsch-tschechischen Familien haben bei uns eine lange Tradition. Den auf dem Gebiet der Tschechischen Republik haben die zwei V\u00f6lker seit mehreren Jahrhunderten nebeneinander gelebt. Das ist ebenfalls von gro\u00dfer Bedeutung f\u00fcr das <strong>Vermitteln der Frauen aus Osteuropa<\/strong>, denn die V\u00f6lker waren sich schon immer sehr nah.<\/p>\n","protected":false},"excerpt":{"rendered":"<p>Lebenspartnersuche Erstes Treffen mit einer tschechischen Traumfrau. Deutsche und tschechische Kulturunterschiede.\u00a0 Attraktive Tschechinnen suchen Lebenspartner. Seit knapp zwanzig Jahren vermitteln wir Frauen aus Osteuropa. Dank unserer Agentur der osteurop\u00e4ischen Partnervermittlung haben viele M\u00e4nner aus deutschsprachigen L\u00e4ndern ihr Gl\u00fcck bei den<span class=\"ellipsis\">&hellip;<\/span> <a href=\"https:\/\/www.renakontakt.com\/de\/artikeln\/lebenspartnersuche\/\"><\/p>\n<div class=\"see-more\">See more &#8250;<\/div>\n<p><!-- end of .see-more --><\/a><\/p>\n","protected":false},"author":1,"featured_media":0,"parent":436,"menu_order":0,"comment_status":"closed","ping_status":"closed","template":"content-full.php","meta":[],"_links":{"self":[{"href":"https:\/\/www.renakontakt.com\/de\/wp-json\/wp\/v2\/pages\/467"}],"collection":[{"href":"https:\/\/www.renakontakt.com\/de\/wp-json\/wp\/v2\/pages"}],"about":[{"href":"https:\/\/www.renakontakt.com\/de\/wp-json\/wp\/v2\/types\/page"}],"author":[{"embeddable":true,"href":"https:\/\/www.renakontakt.com\/de\/wp-json\/wp\/v2\/users\/1"}],"replies":[{"embeddable":true,"href":"https:\/\/www.renakontakt.com\/de\/wp-json\/wp\/v2\/comments?post=467"}],"version-history":[{"count":4,"href":"https:\/\/www.renakontakt.com\/de\/wp-json\/wp\/v2\/pages\/467\/revisions"}],"predecessor-version":[{"id":604,"href":"https:\/\/www.renakontakt.com\/de\/wp-json\/wp\/v2\/pages\/467\/revisions\/604"}],"up":[{"embeddable":true,"href":"https:\/\/www.renakontakt.com\/de\/wp-json\/wp\/v2\/pages\/436"}],"wp:attachment":[{"href":"https:\/\/www.renakontakt.com\/de\/wp-json\/wp\/v2\/media?parent=467"}],"curies":[{"name":"wp","href":"https:\/\/api.w.org\/{rel}","templated":true}]}}