{"id":849,"date":"2016-01-31T19:51:53","date_gmt":"2016-01-31T19:51:53","guid":{"rendered":"http:\/\/www.renakontakt.com\/de\/?page_id=849"},"modified":"2017-01-29T13:49:37","modified_gmt":"2017-01-29T13:49:37","slug":"liste-der-anderungen","status":"publish","type":"page","link":"https:\/\/www.renakontakt.com\/de\/kontakt\/liste-der-anderungen\/","title":{"rendered":"Liste der \u00c4nderungen"},"content":{"rendered":"<h2 style=\"text-align: center;\">Eine chronologische Liste der \u00c4nderungen in dieser Website. Entworfen f\u00fcr eine bessere Analyse der Web-Suchmaschinen.<\/h2>\n<p>Liste besteht teilweise r\u00fcckwirkend ab Januar 2016<\/p>\n<p><strong>25.1.2016 &#8211; <strong>es\u00a0<\/strong> wurde eine neue Errungenschaft im entsprechenden Abschnitt<\/strong><\/p>\n<p><em>Gesch\u00e4tzte Frau Vlachova<br \/>\nDurch Ihren pers\u00f6nlichen Einsatz haben Sie mir zu einer liebenswerten Partnerin aus Prag verholfen.<br \/>\nWir sind nun seit mehreren Monaten gl\u00fccklich zusammen und planen den Umzug nach der Schweiz.<br \/>\nDies war nur m\u00f6glich durch Ihre ser\u00f6se Vermittlung und dank Ihrem sehr menschlichen Umgang mit<br \/>\nden involvierten Kandidatinnen aus Tschechien.<br \/>\nIch bedanke mich bei Ihnen sehr herzlich und kann Ihre Dienstleistung nur weiterempfehlen \u2013 der<br \/>\nfinanzielle Einsatz hat sich mehr als gelohnt und mir letztlich zum grossen Gl\u00fcck verholfen !<br \/>\nVielen Dank und alles Gute Walter O. aus Uste<\/em><\/p>\n<p><strong>31.1.2016 &#8211; heruntergeladen spezielle Silvester Angebot<br \/>\n<\/strong><\/p>\n<div>\n<p><em>Wir denken schon wieder an Weihnachten\u2026<\/em><\/p>\n<p><em>&#8230;und das sollten Sie auch tun, wenn Sie das n\u00e4chste Weihnachtsfest mit Ihrer zuk\u00fcnftigen Lebenspartnerin gemeinsam verbringen m\u00f6chten. Beginnen Sie fr\u00fchzeitig Ihr Liebesgl\u00fcck in die Hand zunehmen. Wir begleiten und unterst\u00fctzen Sie dabei. Bis zum 31. Januar 2016 gew\u00e4hren wir Ihnen auf alle Angebote <a href=\"http:\/\/www.renakontakt.com\/ch\/angebot-kosten\/\">einen Spezialrabatt von 15%.<\/a> Z\u00f6gern Sie nicht l\u00e4nger. Nutzen Sie Ihre Chance, die Dame Ihres Herzens kennen und lieben zu lernen.<\/em><\/p>\n<p><strong>01.02.2016 &#8211; <strong><\/strong>Inkrafttreten des neuen, kurzfristige, Valentine Ereignis<\/strong><\/p>\n<p><strong>12.05.2016 Neues <a title=\"Referenzen\" href=\"http:\/\/www.renakontakt.com\/de\/referenzen\/\">Referenze<\/a><\/strong><\/p>\n<div><em>&#8221; Liebe Renata,\u00a0<\/em><\/div>\n<div><em>Wir sagen Danke \ud83d\ude42 ; \u00a0Danke f\u00fcr Ihre Unterst\u00fctzung, dass Sie uns erm\u00f6glicht haben uns kennenzulernen . Unsere Liebe besiegelten wir letztes Jahr im Juli 2016 mit unserer Traumhochzeit auf den Seychellen- Insel der Liebe .\u00a0<\/em><\/div>\n<div><em>Liebe besteht nicht darin, dass man einander ansieht , sondern dass man gemeinsam in die gleiche Richtung blickt &#8211; A. de Saint- Exup\u00e9ry\u00a0<\/em><\/div>\n<div><em>Liebe Gr\u00fc\u00dfe M&amp;R &#8220;<\/em><\/div>\n<div><\/div>\n<p><strong>29.1.2017 Neues Fotos in <a title=\"Galerie (Erfolge)\" href=\"http:\/\/www.renakontakt.com\/de\/referenzen\/galerie-erfolge\/\">Fotogalerie<\/a><\/strong><\/p>\n<p>Hochzeit auf den Seychellen<\/p>\n<p>Wir freuen uns, unseren Mitglieder und Besucher bekannt gebem zu d\u00fcrfen, dass Valeria und Karl sich auf den sonnigen Seychellen das Jawort gegeben haben.<\/p>\n<p>Wir w\u00fcnschen den Beiden auf Ihrem gemeinsamen Lebensweg alles Gute.<\/p>\n<div><em><br \/>\n<\/em><\/div>\n<\/div>\n","protected":false},"excerpt":{"rendered":"<p>Eine chronologische Liste der \u00c4nderungen in dieser Website. Entworfen f\u00fcr eine bessere Analyse der Web-Suchmaschinen. Liste besteht teilweise r\u00fcckwirkend ab Januar 2016 25.1.2016 &#8211; es\u00a0 wurde eine neue Errungenschaft im entsprechenden Abschnitt Gesch\u00e4tzte Frau Vlachova Durch Ihren pers\u00f6nlichen Einsatz haben<span class=\"ellipsis\">&hellip;<\/span> <a href=\"https:\/\/www.renakontakt.com\/de\/kontakt\/liste-der-anderungen\/\"><\/p>\n<div class=\"see-more\">See more &#8250;<\/div>\n<p><!-- end of .see-more --><\/a><\/p>\n","protected":false},"author":1,"featured_media":0,"parent":82,"menu_order":0,"comment_status":"closed","ping_status":"closed","template":"content-full.php","meta":[],"_links":{"self":[{"href":"https:\/\/www.renakontakt.com\/de\/wp-json\/wp\/v2\/pages\/849"}],"collection":[{"href":"https:\/\/www.renakontakt.com\/de\/wp-json\/wp\/v2\/pages"}],"about":[{"href":"https:\/\/www.renakontakt.com\/de\/wp-json\/wp\/v2\/types\/page"}],"author":[{"embeddable":true,"href":"https:\/\/www.renakontakt.com\/de\/wp-json\/wp\/v2\/users\/1"}],"replies":[{"embeddable":true,"href":"https:\/\/www.renakontakt.com\/de\/wp-json\/wp\/v2\/comments?post=849"}],"version-history":[{"count":11,"href":"https:\/\/www.renakontakt.com\/de\/wp-json\/wp\/v2\/pages\/849\/revisions"}],"predecessor-version":[{"id":853,"href":"https:\/\/www.renakontakt.com\/de\/wp-json\/wp\/v2\/pages\/849\/revisions\/853"}],"up":[{"embeddable":true,"href":"https:\/\/www.renakontakt.com\/de\/wp-json\/wp\/v2\/pages\/82"}],"wp:attachment":[{"href":"https:\/\/www.renakontakt.com\/de\/wp-json\/wp\/v2\/media?parent=849"}],"curies":[{"name":"wp","href":"https:\/\/api.w.org\/{rel}","templated":true}]}}