{"id":2,"date":"2012-11-17T21:58:15","date_gmt":"2012-11-17T21:58:15","guid":{"rendered":"http:\/\/renakontakt.com\/wp\/?page_id=2"},"modified":"2025-11-03T06:24:54","modified_gmt":"2025-11-03T06:24:54","slug":"uber-die-agentur","status":"publish","type":"page","link":"https:\/\/www.renakontakt.com\/it\/it-uber-die-agentur\/","title":{"rendered":"L&#8217;agenzia"},"content":{"rendered":"<p>Mi chiamo Renata Vlachov\u00e1. Vivo a Praga e ho 60 anni.<\/p>\n<p>La mia azienda di successo opera gi\u00e0 dal 1995. Vivere in Repubblica Cieca \u00e8 un grande vantaggio, ma spesso vado a Vienna, in Germania o in Svizzera. Pertanto conosco piuttosto bene la mentalit\u00e0 delle donne dell&#8217;Europa orientale.<\/p>\n<p>Noi ci preoccupiamo sempre di curare il contatto personale con le donne e gli uomini alla ricerca di un partner.\u00a0Per questo riesco a tenere presente molto meglio i desideri di entrambe le parti.<\/p>\n<p>Entrambi traggono vantaggio da una consulenza ottimale.<\/p>\n<p><strong>Come funziona la collaborazione con noi:<\/strong><\/p>\n<p>Durante l&#8217;intervallo di tempo da te scelto, riceverai costantemente le proposte pi\u00f9 recenti, ottimali per te.<\/p>\n<p>Se decidi di stabilire un contatto, riceverai da me tutti gli indirizzi desiderati. Informo sempre anticipatamente le donne dei partner interessati, pertanto riceverai solo gli indirizzi di donne davvero interessate a prendere contatto.<\/p>\n<p>Su richiesta \u00e8 possibile tenere un colloquio personale con me. Piuttosto di frequente mi trovo a Vienna o in Germania. Naturalmente \u00e8 anche possibile incontrarmi a Praga.<\/p>\n<p>Sono in grado di presentarti una vastissima scelta di donne di tutte le categorie di et\u00e0 della Repubblica Ceca e della Slovacchia, alla ricerca di un compagno di vita nella zona di lingua tedesca. Questa offerta viene rinnovata e aggiornata costantemente. Queste signore desiderano tutte intraprendere un rapporto stabile.<\/p>\n<p>Esprimendo la mia felicit\u00e0 nel caso la mia offerta potesse interessarti, resto in attesa di una tua risposta.<\/p>\n","protected":false},"excerpt":{"rendered":"<p>Mi chiamo Renata Vlachov\u00e1. Vivo a Praga e ho 60 anni. La mia azienda di successo opera gi\u00e0 dal 1995. Vivere in Repubblica Cieca \u00e8 un grande vantaggio, ma spesso vado a Vienna, in Germania o in Svizzera. Pertanto conosco<span class=\"ellipsis\">&hellip;<\/span> <a href=\"https:\/\/www.renakontakt.com\/it\/it-uber-die-agentur\/\"><\/p>\n<div class=\"see-more\">See more &#8250;<\/div>\n<p><!-- end of .see-more --><\/a><\/p>\n","protected":false},"author":1,"featured_media":0,"parent":0,"menu_order":1,"comment_status":"closed","ping_status":"closed","template":"content-full.php","meta":[],"_links":{"self":[{"href":"https:\/\/www.renakontakt.com\/it\/wp-json\/wp\/v2\/pages\/2"}],"collection":[{"href":"https:\/\/www.renakontakt.com\/it\/wp-json\/wp\/v2\/pages"}],"about":[{"href":"https:\/\/www.renakontakt.com\/it\/wp-json\/wp\/v2\/types\/page"}],"author":[{"embeddable":true,"href":"https:\/\/www.renakontakt.com\/it\/wp-json\/wp\/v2\/users\/1"}],"replies":[{"embeddable":true,"href":"https:\/\/www.renakontakt.com\/it\/wp-json\/wp\/v2\/comments?post=2"}],"version-history":[{"count":27,"href":"https:\/\/www.renakontakt.com\/it\/wp-json\/wp\/v2\/pages\/2\/revisions"}],"predecessor-version":[{"id":30366,"href":"https:\/\/www.renakontakt.com\/it\/wp-json\/wp\/v2\/pages\/2\/revisions\/30366"}],"wp:attachment":[{"href":"https:\/\/www.renakontakt.com\/it\/wp-json\/wp\/v2\/media?parent=2"}],"curies":[{"name":"wp","href":"https:\/\/api.w.org\/{rel}","templated":true}]}}