{"id":299,"date":"2013-01-26T17:25:23","date_gmt":"2013-01-26T17:25:23","guid":{"rendered":"http:\/\/renakontakt.com\/ch\/?page_id=299"},"modified":"2018-04-18T08:33:15","modified_gmt":"2018-04-18T08:33:15","slug":"angebot","status":"publish","type":"page","link":"https:\/\/www.renakontakt.com\/it\/offerti\/","title":{"rendered":"Offerti"},"content":{"rendered":"<h1 style=\"text-align: center;\">Scheda di bronzo<\/h1>\n<p>\u00b7 Prezzo: 900\u20ac<\/p>\n<p>\u00b7 <strong>Durata<\/strong>\u00a0:<strong> 3 mesi<\/strong><\/p>\n<p dir=\"ltr\">\u00b7\u00a0Ricevi i profili delle candidate<\/p>\n<p dir=\"ltr\">\u00b7 Contattiamo le donne di tua scelta e verifichiamo la disponibilit\u00e0 al contatto<\/p>\n<p dir=\"ltr\">\u00b7 Se la verifica \u00e8 positiva, ricevi le informazioni di contatto (numero di telefono e indirizzo e-mail)<\/p>\n<p dir=\"ltr\">\u00b7\u00a0siamo raggiungibili dal<strong> luned\u00ec al venerd\u00ec dalle 09:00 alle 19:00<\/strong><\/p>\n<p dir=\"ltr\"><span style=\"color: #339966;\"><strong>Possibilit\u00e0 di upgrade:<\/strong> Disponibilit\u00e0 Luned\u00ec-Domenica &#8211; <strong>80 euro\u00a0<\/strong><\/span><\/p>\n<h1 style=\"text-align: center;\">Scheda d&#8217;argento<\/h1>\n<p dir=\"ltr\">\u00b7 Prezzo : 1100\u20ac<\/p>\n<p dir=\"ltr\">\u00b7\u00a0<span style=\"color: #339966;\"><strong>Durata:<\/strong><\/span> <strong>6 mesi<\/strong><\/p>\n<p dir=\"ltr\">\u00b7 Ricevi i profili delle candidate<\/p>\n<p dir=\"ltr\">\u00b7 Contattiamo le donne di tua scelta e verifichiamo la disponibilit\u00e0 al contatto<\/p>\n<p dir=\"ltr\">\u00b7 Se la verifica \u00e8 positiva, ricevi le informazioni di contatto (numero di telefono e indirizzo e-mail)<\/p>\n<p dir=\"ltr\">\u00b7\u00a0siamo raggiungibili dal<strong>\u00a0luned\u00ec al venerd\u00ec dalle 09:00 alle 19:00<\/strong><\/p>\n<p><span style=\"color: #339966;\"><strong>Possibilit\u00e0 di upgrade:\u00a0<\/strong>Disponibilit\u00e0 Luned\u00ec-Domenica e accompagnamento per il primo incontro &#8211; <strong>120 euro<\/strong><\/span><\/p>\n<h2 style=\"text-align: center;\"><\/h2>\n<h1 style=\"text-align: center;\">Scheda d&#8217;oro<\/h1>\n<p dir=\"ltr\">\u00b7 Prezzo: 1300\u20ac<\/p>\n<p dir=\"ltr\">\u00b7 <strong>Durata<\/strong>\u00a0: <span style=\"color: #339966;\">12 Mesi<\/span><\/p>\n<p dir=\"ltr\">\u00b7 Ricevi i profili delle candidate<\/p>\n<p dir=\"ltr\">\u00b7 Contattiamo le donne di tua scelta e verifichiamo la disponibilit\u00e0 al contatto<\/p>\n<p dir=\"ltr\">\u00b7 Se la verifica \u00e8 positiva, ricevi le informazioni di contatto (numero di telefono e indirizzo e-mail)<\/p>\n<p dir=\"ltr\">\u00b7\u00a0<span style=\"color: #339966;\">aiutiamo nell&#8217;organizzazione del viaggio in Repubblica Ceca o Slovacchia<\/span><\/p>\n<p dir=\"ltr\">\u00b7\u00a0Prenotazione hotel<\/p>\n<p dir=\"ltr\">\u00b7 siamo raggiungibili dal<strong>\u00a0luned\u00ec al venerd\u00ec dalle 09:00 alle 19:00<\/strong><\/p>\n<p><span style=\"color: #339966;\">Possibilit\u00e0 di upgrade: Disponibilit\u00e0 Luned\u00ec-Domenica, organizzazione di attivit\u00e0 in loco e accompagnamento al primo incontro &#8211; 160 euro<\/span><\/p>\n<h1 style=\"text-align: center;\">Scheda di diamante<\/h1>\n<p dir=\"ltr\">\u00b7 Prezzo: 2100\u20ac<\/p>\n<p dir=\"ltr\">\u00b7 <strong>Durata<\/strong>\u00a0:\u00a0<span style=\"color: #339966;\">30 Mesi<\/span><\/p>\n<p dir=\"ltr\">\u00b7 Ricevi i profili delle candidate<\/p>\n<p dir=\"ltr\">\u00b7 Contattiamo le donne di tua scelta e verifichiamo la disponibilit\u00e0 al contatto<\/p>\n<p dir=\"ltr\">\u00b7 Se la verifica \u00e8 positiva, ricevi le informazioni di contatto (numero di telefono e indirizzo e-mail)<\/p>\n<p dir=\"ltr\">\u00b7\u00a0aiutiamo nell&#8217;organizzazione del viaggio in Repubblica Ceca o Slovacchia<\/p>\n<p dir=\"ltr\">\u00b7\u00a0<span style=\"color: #339966;\">2 pernottamenti in hotel a 3* a Praga o Bratislava<\/span><\/p>\n<p dir=\"ltr\">\u00b7\u00a0Prenotazione hotel<\/p>\n<p dir=\"ltr\">\u00b7\u00a0<span style=\"color: #339966;\">Servizio di pick-up dall&#8217;aeroporto, trasferimento in hotel<\/span><\/p>\n<p dir=\"ltr\">\u00b7 Loco e accompagnamento al primo incontro<\/p>\n<p dir=\"ltr\"><span style=\"color: #339966;\">\u00b7\u00a0Organizzazione di attivit\u00e0 sul posto\u00a0\u00a0<\/span><\/p>\n<p dir=\"ltr\"><span style=\"color: #339966;\">\u00b7\u00a0Accogliamo volentieri richieste particolari realizzabili<\/span><\/p>\n<p><strong id=\"internal-source-marker_0.3367761035915464\">\u00b7 <\/strong>Siamo <span style=\"color: #339966;\">disponibili dal luned\u00ec alla domenica, 09:00-21:00<\/span><\/p>\n","protected":false},"excerpt":{"rendered":"<p>Scheda di bronzo \u00b7 Prezzo: 900\u20ac \u00b7 Durata\u00a0: 3 mesi \u00b7\u00a0Ricevi i profili delle candidate \u00b7 Contattiamo le donne di tua scelta e verifichiamo la disponibilit\u00e0 al contatto \u00b7 Se la verifica \u00e8 positiva, ricevi le informazioni di contatto (numero<span class=\"ellipsis\">&hellip;<\/span> <a href=\"https:\/\/www.renakontakt.com\/it\/offerti\/\"><\/p>\n<div class=\"see-more\">See more &#8250;<\/div>\n<p><!-- end of .see-more --><\/a><\/p>\n","protected":false},"author":1,"featured_media":0,"parent":0,"menu_order":2,"comment_status":"closed","ping_status":"closed","template":"content-full.php","meta":[],"_links":{"self":[{"href":"https:\/\/www.renakontakt.com\/it\/wp-json\/wp\/v2\/pages\/299"}],"collection":[{"href":"https:\/\/www.renakontakt.com\/it\/wp-json\/wp\/v2\/pages"}],"about":[{"href":"https:\/\/www.renakontakt.com\/it\/wp-json\/wp\/v2\/types\/page"}],"author":[{"embeddable":true,"href":"https:\/\/www.renakontakt.com\/it\/wp-json\/wp\/v2\/users\/1"}],"replies":[{"embeddable":true,"href":"https:\/\/www.renakontakt.com\/it\/wp-json\/wp\/v2\/comments?post=299"}],"version-history":[{"count":33,"href":"https:\/\/www.renakontakt.com\/it\/wp-json\/wp\/v2\/pages\/299\/revisions"}],"predecessor-version":[{"id":1013,"href":"https:\/\/www.renakontakt.com\/it\/wp-json\/wp\/v2\/pages\/299\/revisions\/1013"}],"wp:attachment":[{"href":"https:\/\/www.renakontakt.com\/it\/wp-json\/wp\/v2\/media?parent=299"}],"curies":[{"name":"wp","href":"https:\/\/api.w.org\/{rel}","templated":true}]}}