{"id":452,"date":"2013-05-28T19:21:35","date_gmt":"2013-05-28T19:21:35","guid":{"rendered":"http:\/\/www.renakontakt.com\/de\/?page_id=452"},"modified":"2013-12-16T18:22:06","modified_gmt":"2013-12-16T18:22:06","slug":"top-ratschlage-um-bei-der-osteuropa-partnervermittlung-erfolg-zu-haben","status":"publish","type":"page","link":"https:\/\/www.renakontakt.com\/it\/artikeln\/top-ratschlage-um-bei-der-osteuropa-partnervermittlung-erfolg-zu-haben\/","title":{"rendered":"Top-Ratschl\u00e4ge um bei der Osteuropa Partnervermittlung Erfolg zu haben."},"content":{"rendered":"<h1 style=\"text-align: center;\">Top-Ratschl\u00e4ge um bei der Osteuropa Partnervermittlung Erfolg zu haben.<\/h1>\n<h2 style=\"text-align: center;\"><em>Aktuelle Qualit\u00e4tsfoto als beste Bewerbung bei Osteuropa Partnervermittlung. Ehrlichkeit statt L\u00fcgen bei einer Partnervermittlung. Interesse bei der Osteuropa Partnervermittlung zeigen.<\/em><\/h2>\n<h2>Top Ratschl\u00e4ge f\u00fcr eine Partnervermittlung<\/h2>\n<p>Bei der Anmeldung bei unserer Agentur Rena <strong>Osteuropa Partnervermittlung<\/strong> geben Sie uns Ihr bestes Foto, das Sie haben. Wenn Sie kein gutes Foto haben, sollten Sie sich ein machen lassen, am besten bei einem professionellen \u00a0Fotografen. Bei einer <span style=\"text-decoration: underline;\">Partnervermittlung<\/span> spielt ein Foto die bedeutendste Rolle. Klar, es wird oft gesagt, dass es auf die inneren Werte ankommt, aber der erste Blick spielt sowieso eine sehr bedeutende Rolle und meistens entscheidet er auch dar\u00fcber, ob Sie bei der von Ihnen erw\u00e4hlten Frau eine Chance bekommen. Ein Bild f\u00fcr eine <span style=\"text-decoration: underline;\">Partnervermittlung<\/span> sollte qualitativ gut und m\u00f6glichst aktuell sein. Auf dem Bild sollten Sie deutlich abgebildet sein und ihr Aussehen sollte freundlich, vornehm und selbstsicher sein.<\/p>\n<h2>Ehrlichkeit als ein Grundstein bei einer Partnervermittlung<\/h2>\n<p>Die Agentur Rena <strong>Osteuropa Partnervermittlung <\/strong>kann nach ihren langj\u00e4hrigen Erfahrungen best\u00e4tigen, dass bei einer <span style=\"text-decoration: underline;\">Partnervermittlung <\/span>oder <span style=\"text-decoration: underline;\">Heiratsvermittlung<\/span> die Ehrlichkeit die beste Politik ist, und L\u00fcgen immer heraus kommen. Die meisten Frauen bei unserer Agentur Rena haben einen Hochschulabschluss und suchen einen ehrlichen Mann, der sie aufrichtig lieben und achten wird. Bei dem ersten Kontakt mit der Frau, egal ob schriftlichem oder pers\u00f6nlichem, sollten Sie auf keinen Fall Themen wie Heirat oder Kinder erw\u00e4hnen! Sie k\u00f6nnen Ihr Informationen \u00fcber sich, den Ort wo Sie aufgewachsen sind, Ihren Schulabschluss oder zum Beispiel \u00fcber Ihre Hobbys geben. Bei der <span style=\"text-decoration: underline;\">osteurop\u00e4ischen Partnervermittlung<\/span> sollten sie auf keinen Fall \u00fcber Ihr Haus, Auto oder \u00e4hnliche teure Sachen sprechen, sonst k\u00f6nnte die Frau meinen, dass Sie sie kaufen wollen. An so was sind die Frauen der Agentur Rena <strong>Osteuropa Partnervermittlung <\/strong>auf keinen Fall interessiert. Sie suchen einen Ehrlichen, z\u00e4rtlichen und f\u00fcrsorglichen Mann.<\/p>\n<h2>Interesse an Ihrer erw\u00e4hlten Frau zeigen.<\/h2>\n<p>Bei einer <span style=\"text-decoration: underline;\">Partnervermittlung<\/span> ist es von gro\u00dfer Bedeutung, Interesse an der Partnerin \/ dem Partner zu zeigen. Sie sollten darauf achten, dass Sie beim ersten Kontakt \u00a0mehrere \u00a0Fragen stellen. Die Frauen m\u00fcssen sp\u00fcren, dass Sie an ihnen wirklich interessiert sind. Sie k\u00f6nnen einen Dialog starten, es spielt keine Rolle ob schriftlichen oder m\u00fcndlichen, in dem Sie ihr Fragen stellen. Sie k\u00f6nnen z. B. Fragen \u00fcber das Umfeld, in dem sie aufwuchs, stellen, \u00fcber Ihr Land, Schulausbildung u.\u00a0a. Sie sollten auf keinen Fall Ihre ehemaligen Beziehungen und sexuellen Vorlieben erw\u00e4hnen. Wenn sie sich an den Ratschl\u00e4gen unserer Agentur Rena <strong>Osteuropa Partnervermittlung <\/strong>halten werden, ist Ihr Gl\u00fcck bei einer unserer Damen so gut wie sicher.<\/p>\n","protected":false},"excerpt":{"rendered":"<p>Top-Ratschl\u00e4ge um bei der Osteuropa Partnervermittlung Erfolg zu haben. Aktuelle Qualit\u00e4tsfoto als beste Bewerbung bei Osteuropa Partnervermittlung. Ehrlichkeit statt L\u00fcgen bei einer Partnervermittlung. Interesse bei der Osteuropa Partnervermittlung zeigen. Top Ratschl\u00e4ge f\u00fcr eine Partnervermittlung Bei der Anmeldung bei unserer Agentur<span class=\"ellipsis\">&hellip;<\/span> <a href=\"https:\/\/www.renakontakt.com\/it\/artikeln\/top-ratschlage-um-bei-der-osteuropa-partnervermittlung-erfolg-zu-haben\/\"><\/p>\n<div class=\"see-more\">See more &#8250;<\/div>\n<p><!-- end of .see-more --><\/a><\/p>\n","protected":false},"author":1,"featured_media":0,"parent":436,"menu_order":0,"comment_status":"closed","ping_status":"closed","template":"content-full.php","meta":[],"_links":{"self":[{"href":"https:\/\/www.renakontakt.com\/it\/wp-json\/wp\/v2\/pages\/452"}],"collection":[{"href":"https:\/\/www.renakontakt.com\/it\/wp-json\/wp\/v2\/pages"}],"about":[{"href":"https:\/\/www.renakontakt.com\/it\/wp-json\/wp\/v2\/types\/page"}],"author":[{"embeddable":true,"href":"https:\/\/www.renakontakt.com\/it\/wp-json\/wp\/v2\/users\/1"}],"replies":[{"embeddable":true,"href":"https:\/\/www.renakontakt.com\/it\/wp-json\/wp\/v2\/comments?post=452"}],"version-history":[{"count":5,"href":"https:\/\/www.renakontakt.com\/it\/wp-json\/wp\/v2\/pages\/452\/revisions"}],"predecessor-version":[{"id":612,"href":"https:\/\/www.renakontakt.com\/it\/wp-json\/wp\/v2\/pages\/452\/revisions\/612"}],"up":[{"embeddable":true,"href":"https:\/\/www.renakontakt.com\/it\/wp-json\/wp\/v2\/pages\/436"}],"wp:attachment":[{"href":"https:\/\/www.renakontakt.com\/it\/wp-json\/wp\/v2\/media?parent=452"}],"curies":[{"name":"wp","href":"https:\/\/api.w.org\/{rel}","templated":true}]}}