{"id":522,"date":"2013-11-01T15:06:24","date_gmt":"2013-11-01T15:06:24","guid":{"rendered":"http:\/\/www.renakontakt.com\/de\/?page_id=522"},"modified":"2013-12-16T18:21:36","modified_gmt":"2013-12-16T18:21:36","slug":"lange-tradition-der-deutsch-tschechischen-ehen","status":"publish","type":"page","link":"https:\/\/www.renakontakt.com\/it\/artikeln\/lange-tradition-der-deutsch-tschechischen-ehen\/","title":{"rendered":"Lange Tradition der deutsch-tschechischen Ehen."},"content":{"rendered":"<h1 style=\"text-align: center;\">Lange Tradition der deutsch-tschechischen Ehen.<\/h1>\n<h2 style=\"text-align: center;\">Seri\u00f6se osteurop\u00e4ische Partnervermittlung. H\u00f6here Chancen bei einer Partnervermittlung.<\/h2>\n<h2>Lange Tradition der Partnervermittlungen Osteuropa<\/h2>\n<p>Die deutsch-tschechischen und deutsch-slowakischen Ehen haben eine mehrere Jahrhunderte dauernde Tradition. Denn die Deutschen und Tschechen haben mehrere Jahrhunderte nebeneinander gelebt. Diese Tradition wurde leider vor ein paar Jahrzehnten unterbrochen. Seit den neunziger Jahren wird aber die Tradition wieder ins Leben gebracht, denn seit den neunziger Jahren ist es wieder m\u00f6glich, eine Ehe zwischen osteurop\u00e4ischen Frauen und deutschen M\u00e4nnern abzuschlie\u00dfen. Ein Anteil daran hat auch unsere Agentur Rena, die sich mit <strong>Partnervermittlungen Osteuropa <\/strong>besch\u00e4ftigt.<\/p>\n<h2>Unsere seri\u00f6se Agentur Rena<\/h2>\n<p>Seit den neunziger Jahren des zwanzigsten Jahrhunderts gibt es jede Menge an Agenturen, die sich mit <strong>Partnervermittlungen Osteuropa<\/strong> besch\u00e4ftigen. Bei den meisten Agenturen werden die potenziellen\u00a0 Partner von einer Software ausgesucht. Bei unserer Agentur Rena \u2013 seri\u00f6se Partnervermittlung Osteuropa werden aber die potenziellen Partner von unserem Team, der psychologisch, soziologisch und p\u00e4dagogisch ausgebildet ist, ausgesucht. Das Team der Agentur Rena \u2013 <strong>Partnervermittlungen Osteuropa <\/strong>kommt aus Tschechien und reist sehr oft in die deutschsprachigen L\u00e4nder. Daher kennt unser Team die Mentalit\u00e4t der osteurop\u00e4ischen Frauen und der deutscher M\u00e4nner sehr gut. Solche Partnerschaften, bei denen alles sorgf\u00e4ltig gepr\u00fcft wurde, haben viel gr\u00f6\u00dfere Chancen auf eine lange Dauer.<\/p>\n<h2>Vorteile der Partnervermittlungen Osteuropa<\/h2>\n<p>Bei unserer Agentur Rena \u2013 <strong>Partnervermittlungen Osteuropa<\/strong> haben Sie vielfach h\u00f6here Chance eine seri\u00f6se und passende Partnerin kennenzulernen als im normalen Leben, denn bei einer klassischen Partnersuche sind Ihre M\u00f6glichkeiten, von der Umgebung, in der Sie sich bewegen, begrenzt. Bei der Agentur Rena \u2013 <strong>Partnervermittlungen Osteuropa<\/strong> gibt es jede Menge an osteurop\u00e4ischen Frauen, die sich einen netten Partner w\u00fcnschen und die Gegend, aus der Ihre neue Partnerin kommen kann, ist auch viel gr\u00f6\u00dfer.<\/p>\n","protected":false},"excerpt":{"rendered":"<p>Lange Tradition der deutsch-tschechischen Ehen. Seri\u00f6se osteurop\u00e4ische Partnervermittlung. H\u00f6here Chancen bei einer Partnervermittlung. Lange Tradition der Partnervermittlungen Osteuropa Die deutsch-tschechischen und deutsch-slowakischen Ehen haben eine mehrere Jahrhunderte dauernde Tradition. Denn die Deutschen und Tschechen haben mehrere Jahrhunderte nebeneinander gelebt. Diese<span class=\"ellipsis\">&hellip;<\/span> <a href=\"https:\/\/www.renakontakt.com\/it\/artikeln\/lange-tradition-der-deutsch-tschechischen-ehen\/\"><\/p>\n<div class=\"see-more\">See more &#8250;<\/div>\n<p><!-- end of .see-more --><\/a><\/p>\n","protected":false},"author":1,"featured_media":0,"parent":436,"menu_order":0,"comment_status":"closed","ping_status":"closed","template":"content-full.php","meta":[],"_links":{"self":[{"href":"https:\/\/www.renakontakt.com\/it\/wp-json\/wp\/v2\/pages\/522"}],"collection":[{"href":"https:\/\/www.renakontakt.com\/it\/wp-json\/wp\/v2\/pages"}],"about":[{"href":"https:\/\/www.renakontakt.com\/it\/wp-json\/wp\/v2\/types\/page"}],"author":[{"embeddable":true,"href":"https:\/\/www.renakontakt.com\/it\/wp-json\/wp\/v2\/users\/1"}],"replies":[{"embeddable":true,"href":"https:\/\/www.renakontakt.com\/it\/wp-json\/wp\/v2\/comments?post=522"}],"version-history":[{"count":3,"href":"https:\/\/www.renakontakt.com\/it\/wp-json\/wp\/v2\/pages\/522\/revisions"}],"predecessor-version":[{"id":603,"href":"https:\/\/www.renakontakt.com\/it\/wp-json\/wp\/v2\/pages\/522\/revisions\/603"}],"up":[{"embeddable":true,"href":"https:\/\/www.renakontakt.com\/it\/wp-json\/wp\/v2\/pages\/436"}],"wp:attachment":[{"href":"https:\/\/www.renakontakt.com\/it\/wp-json\/wp\/v2\/media?parent=522"}],"curies":[{"name":"wp","href":"https:\/\/api.w.org\/{rel}","templated":true}]}}