{"id":77,"date":"2012-11-22T13:36:34","date_gmt":"2012-11-22T13:36:34","guid":{"rendered":"http:\/\/renakontakt.com\/wp\/?page_id=77"},"modified":"2020-08-10T08:05:42","modified_gmt":"2020-08-10T08:05:42","slug":"unser-team","status":"publish","type":"page","link":"https:\/\/www.renakontakt.com\/it\/unser-team\/","title":{"rendered":"Le Persone"},"content":{"rendered":"<p style=\"text-align: center;\"><em>Unser Team besteht aus 2 Hauptpersonen und im Hintergrund arbeiten noch viele Helfer f\u00fcr uns. So hilft Ihnen Herr Ondra bei der suche eines Hotels in Prag oder steht Ihnen als Fahrer zur Verf\u00fcgung. Die entsprechenden Kosten  sind zus\u00e4tzlich zu begleichen.<\/em><\/p>\n<p><img loading=\"lazy\" class=\"alignright\" title=\"renanew\" src=\"http:\/\/renakontakt.com\/wp\/wp-content\/uploads\/renanew-237x300.jpg\" alt=\"\" width=\"160\" height=\"181\" \/><\/p>\n<div>\n<p style=\"text-align: center;\"><span style=\"text-align: center;\">Mich haben Sie ja bereits kennengelernt, mein Name ist Renata Vlachov\u00e1. Ich bin eine 50 j\u00e4hrige Pragerin. <\/span><\/p>\n<p style=\"text-align: center;\">Ich pendle zwischen Prag und Z\u00fcrich.<\/p>\n<p style=\"text-align: center;\">Tel. Nr  CH0795183709<\/p>\n<p style=\"text-align: center;\"><span style=\"font-size: small;\"> CZ 0420602395694<\/span><\/p>\n<p style=\"text-align: center;\"><span style=\"font-size: small;\">Mail:  <a href=\"mailto:info@renacz.com\">info@renacz.com<\/a><\/span><\/p>\n<hr \/>\n<div>\n<hr \/>\n<p style=\"text-align: center;\"> Dies ist Ondra, er zeichnet f\u00fcr die Grafik der website verantwortlich. Wenn Sie Anregungen haben, so sind wir daf\u00fcr dankbar.<\/p>\n<p style=\"text-align: center;\">Tel Nr: 00420602566803 spricht mehr englisch als deutsch.<\/p>\n<p><a href=\"http:\/\/renakontakt.com\/wp\/wp-content\/uploads\/P1100497.jpg\"><img loading=\"lazy\" class=\"aligncenter\" title=\"P1100497\" src=\"http:\/\/renakontakt.com\/wp\/wp-content\/uploads\/P1100497.jpg\" alt=\"\" width=\"132\" height=\"170\" \/><\/a><\/p>\n<\/div>\n<\/div>\n","protected":false},"excerpt":{"rendered":"<p>Unser Team besteht aus 2 Hauptpersonen und im Hintergrund arbeiten noch viele Helfer f\u00fcr uns. So hilft Ihnen Herr Ondra bei der suche eines Hotels in Prag oder steht Ihnen als Fahrer zur Verf\u00fcgung. Die entsprechenden Kosten sind zus\u00e4tzlich zu<span class=\"ellipsis\">&hellip;<\/span> <a href=\"https:\/\/www.renakontakt.com\/it\/unser-team\/\"><\/p>\n<div class=\"see-more\">See more &#8250;<\/div>\n<p><!-- end of .see-more --><\/a><\/p>\n","protected":false},"author":1,"featured_media":0,"parent":0,"menu_order":7,"comment_status":"closed","ping_status":"closed","template":"content-full.php","meta":[],"_links":{"self":[{"href":"https:\/\/www.renakontakt.com\/it\/wp-json\/wp\/v2\/pages\/77"}],"collection":[{"href":"https:\/\/www.renakontakt.com\/it\/wp-json\/wp\/v2\/pages"}],"about":[{"href":"https:\/\/www.renakontakt.com\/it\/wp-json\/wp\/v2\/types\/page"}],"author":[{"embeddable":true,"href":"https:\/\/www.renakontakt.com\/it\/wp-json\/wp\/v2\/users\/1"}],"replies":[{"embeddable":true,"href":"https:\/\/www.renakontakt.com\/it\/wp-json\/wp\/v2\/comments?post=77"}],"version-history":[{"count":31,"href":"https:\/\/www.renakontakt.com\/it\/wp-json\/wp\/v2\/pages\/77\/revisions"}],"predecessor-version":[{"id":1228,"href":"https:\/\/www.renakontakt.com\/it\/wp-json\/wp\/v2\/pages\/77\/revisions\/1228"}],"wp:attachment":[{"href":"https:\/\/www.renakontakt.com\/it\/wp-json\/wp\/v2\/media?parent=77"}],"curies":[{"name":"wp","href":"https:\/\/api.w.org\/{rel}","templated":true}]}}