{"id":849,"date":"2016-01-31T19:51:53","date_gmt":"2016-01-31T19:51:53","guid":{"rendered":"http:\/\/www.renakontakt.com\/de\/?page_id=849"},"modified":"2017-01-29T13:49:37","modified_gmt":"2017-01-29T13:49:37","slug":"liste-der-anderungen","status":"publish","type":"page","link":"https:\/\/www.renakontakt.com\/it\/kontakt\/liste-der-anderungen\/","title":{"rendered":"Liste der \u00c4nderungen"},"content":{"rendered":"<h2 style=\"text-align: center;\">Eine chronologische Liste der \u00c4nderungen in dieser Website. Entworfen f\u00fcr eine bessere Analyse der Web-Suchmaschinen.<\/h2>\n<h2 style=\"text-align: center;\">Liste besteht teilweise r\u00fcckwirkend ab Januar 2016<\/h2>\n<p><strong>25.1.2016 &#8211; <strong>es\u00a0<\/strong> wurde eine neue Errungenschaft im entsprechenden Abschnitt<\/p>\n<p><\/strong><\/p>\n<p><em>Gesch\u00e4tzte Frau Vlachova<\/p>\n<p>Durch Ihren pers\u00f6nlichen Einsatz haben Sie mir zu einer liebenswerten Partnerin aus Prag verholfen.<\/p>\n<p>Wir sind nun seit mehreren Monaten gl\u00fccklich zusammen und planen den Umzug nach der Schweiz.<\/p>\n<p>Dies war nur m\u00f6glich durch Ihre ser\u00f6se Vermittlung und dank Ihrem sehr menschlichen Umgang mit<\/p>\n<p>den involvierten Kandidatinnen aus Tschechien.<\/p>\n<p>Ich bedanke mich bei Ihnen sehr herzlich und kann Ihre Dienstleistung nur weiterempfehlen \u2013 der<\/p>\n<p>finanzielle Einsatz hat sich mehr als gelohnt und mir letztlich zum grossen Gl\u00fcck verholfen !<\/p>\n<p>Vielen Dank und alles Gute Walter O. aus Uste<\/em><\/p>\n<p><strong>31.1.2016 &#8211; heruntergeladen spezielle Silvester Angebot<\/p>\n<p><\/strong><\/p>\n<div>\n<p><em>Wir denken schon wieder an Weihnachten\u2026<\/em><\/p>\n<p><em>&#8230;und das sollten Sie auch tun, wenn Sie das n\u00e4chste Weihnachtsfest mit Ihrer zuk\u00fcnftigen Lebenspartnerin gemeinsam verbringen m\u00f6chten. Beginnen Sie fr\u00fchzeitig Ihr Liebesgl\u00fcck in die Hand zunehmen. Wir begleiten und unterst\u00fctzen Sie dabei. Bis zum 31. Januar 2016 gew\u00e4hren wir Ihnen auf alle Angebote <a href=\"http:\/\/www.renakontakt.com\/ch\/angebot-kosten\/\">einen Spezialrabatt von 15%.<\/a> Z\u00f6gern Sie nicht l\u00e4nger. Nutzen Sie Ihre Chance, die Dame Ihres Herzens kennen und lieben zu lernen.<\/em><\/p>\n<p><strong>01.02.2016 &#8211; <strong><\/strong>Inkrafttreten des neuen, kurzfristige, Valentine Ereignis<\/p>\n<p><\/strong><\/p>\n<\/div>\n","protected":false},"excerpt":{"rendered":"<p>Eine chronologische Liste der \u00c4nderungen in dieser Website. Entworfen f\u00fcr eine bessere Analyse der Web-Suchmaschinen. Liste besteht teilweise r\u00fcckwirkend ab Januar 2016 25.1.2016 &#8211; es\u00a0 wurde eine neue Errungenschaft im entsprechenden Abschnitt Gesch\u00e4tzte Frau Vlachova Durch Ihren pers\u00f6nlichen Einsatz haben<span class=\"ellipsis\">&hellip;<\/span> <a href=\"https:\/\/www.renakontakt.com\/it\/kontakt\/liste-der-anderungen\/\"><\/p>\n<div class=\"see-more\">See more &#8250;<\/div>\n<p><!-- end of .see-more --><\/a><\/p>\n","protected":false},"author":1,"featured_media":0,"parent":82,"menu_order":0,"comment_status":"closed","ping_status":"closed","template":"content-full.php","meta":[],"_links":{"self":[{"href":"https:\/\/www.renakontakt.com\/it\/wp-json\/wp\/v2\/pages\/849"}],"collection":[{"href":"https:\/\/www.renakontakt.com\/it\/wp-json\/wp\/v2\/pages"}],"about":[{"href":"https:\/\/www.renakontakt.com\/it\/wp-json\/wp\/v2\/types\/page"}],"author":[{"embeddable":true,"href":"https:\/\/www.renakontakt.com\/it\/wp-json\/wp\/v2\/users\/1"}],"replies":[{"embeddable":true,"href":"https:\/\/www.renakontakt.com\/it\/wp-json\/wp\/v2\/comments?post=849"}],"version-history":[{"count":11,"href":"https:\/\/www.renakontakt.com\/it\/wp-json\/wp\/v2\/pages\/849\/revisions"}],"predecessor-version":[{"id":853,"href":"https:\/\/www.renakontakt.com\/it\/wp-json\/wp\/v2\/pages\/849\/revisions\/853"}],"up":[{"embeddable":true,"href":"https:\/\/www.renakontakt.com\/it\/wp-json\/wp\/v2\/pages\/82"}],"wp:attachment":[{"href":"https:\/\/www.renakontakt.com\/it\/wp-json\/wp\/v2\/media?parent=849"}],"curies":[{"name":"wp","href":"https:\/\/api.w.org\/{rel}","templated":true}]}}